{"id":3925,"date":"2020-12-16T09:38:04","date_gmt":"2020-12-16T09:38:04","guid":{"rendered":"https:\/\/parcboscdental.com\/blog\/"},"modified":"2021-01-04T19:51:59","modified_gmt":"2021-01-04T19:51:59","slug":"blog","status":"publish","type":"page","link":"https:\/\/parcboscdental.com\/ca\/blog\/","title":{"rendered":"Blog"},"content":{"rendered":"\t\t<div data-elementor-type=\"wp-page\" data-elementor-id=\"3925\" class=\"elementor elementor-3925 elementor-3877\">\n\t\t\t\t\t\t<section class=\"elementor-section elementor-top-section elementor-element elementor-element-1d70339 elementor-section-boxed elementor-section-height-default elementor-section-height-default\" data-id=\"1d70339\" data-element_type=\"section\" data-e-type=\"section\">\n\t\t\t\t\t\t<div class=\"elementor-container elementor-column-gap-default\">\n\t\t\t\t\t<div class=\"elementor-column elementor-col-100 elementor-top-column elementor-element elementor-element-97b5fdc\" data-id=\"97b5fdc\" data-element_type=\"column\" data-e-type=\"column\">\n\t\t\t<div class=\"elementor-widget-wrap elementor-element-populated\">\n\t\t\t\t\t\t<div class=\"elementor-element elementor-element-f337b49 elementor-widget elementor-widget-spacer\" data-id=\"f337b49\" data-element_type=\"widget\" data-e-type=\"widget\" data-widget_type=\"spacer.default\">\n\t\t\t\t<div class=\"elementor-widget-container\">\n\t\t\t\t\t\t\t<div class=\"elementor-spacer\">\n\t\t\t<div class=\"elementor-spacer-inner\"><\/div>\n\t\t<\/div>\n\t\t\t\t\t\t<\/div>\n\t\t\t\t<\/div>\n\t\t\t\t<div class=\"elementor-element elementor-element-fe37aea elementor-widget elementor-widget-heading\" data-id=\"fe37aea\" data-element_type=\"widget\" data-e-type=\"widget\" data-widget_type=\"heading.default\">\n\t\t\t\t<div class=\"elementor-widget-container\">\n\t\t\t\t\t<h2 class=\"elementor-heading-title elementor-size-default\">\u00daltims articles del blog<\/h2>\t\t\t\t<\/div>\n\t\t\t\t<\/div>\n\t\t\t\t<div class=\"elementor-element elementor-element-ac8fe63 elementor-widget-divider--view-line elementor-widget elementor-widget-divider\" data-id=\"ac8fe63\" data-element_type=\"widget\" data-e-type=\"widget\" data-widget_type=\"divider.default\">\n\t\t\t\t<div class=\"elementor-widget-container\">\n\t\t\t\t\t\t\t<div class=\"elementor-divider\">\n\t\t\t<span class=\"elementor-divider-separator\">\n\t\t\t\t\t\t<\/span>\n\t\t<\/div>\n\t\t\t\t\t\t<\/div>\n\t\t\t\t<\/div>\n\t\t\t\t<div class=\"elementor-element elementor-element-c2c1cdd elementor-grid-2 elementor-grid-tablet-2 elementor-grid-mobile-1 elementor-posts--align-left elementor-widget elementor-widget-blogmentor_blog_posts\" data-id=\"c2c1cdd\" data-element_type=\"widget\" data-e-type=\"widget\" data-settings=\"{&quot;bm_grid_columns&quot;:&quot;2&quot;,&quot;bm_grid_columns_tablet&quot;:&quot;2&quot;,&quot;bm_grid_columns_mobile&quot;:&quot;1&quot;,&quot;post_card_grid_gap&quot;:{&quot;unit&quot;:&quot;px&quot;,&quot;size&quot;:10,&quot;sizes&quot;:[]},&quot;post_card_row_gap&quot;:{&quot;unit&quot;:&quot;px&quot;,&quot;size&quot;:35,&quot;sizes&quot;:[]}}\" data-widget_type=\"blogmentor_blog_posts.default\">\n\t\t\t\t<div class=\"elementor-widget-container\">\n\t\t\t\t\t\t\t\n\t\t\t\t\t\t\t\t<div class=\"bm-blog-posts-wrapper\" >\n\t\t\t\t\t\t\t<div class=\"bm-blog-posts bm-display-grid elementor-grid elementor-grid-2\" >\n\t\t\t\t    <article id=\"post-5102\" class=\"item bm_layout post-5102 post type-post status-publish format-standard has-post-thumbnail hentry category-salut-oral-ca\">\n\t\t<div class=\"bm-blog-post-image entry-post-image\">\n\t\t\t<div class=\"bm-post-image clearfix bm-hover-effect\">\n\t\t\t\t<img fetchpriority=\"high\" decoding=\"async\" width=\"480\" height=\"250\" src=\"https:\/\/parcboscdental.com\/wp-content\/uploads\/2026\/03\/durmiendo-boca-abierta-apnea-del-sueno-480x250.jpg\" class=\"attachment-bm-post-medium size-bm-post-medium wp-post-image\" alt=\"Home adult amb la boca oberta, possible signe d&#039;apnea del somni\" \/>\t\t\t<\/div>\n\t\t<\/div>\n        <div class=\"bm-blog-post-content bm_content_box\">\n            <h2 class=\"entry-post-title bm_title\"><a href=\"https:\/\/parcboscdental.com\/ca\/dentista-apnea-del-son\/\" rel=\"bookmark\">La teva boca sap quan no dorms b\u00e9. I viceversa.<\/a><\/h2>            <div class=\"bm-blog-post-meta entry-post-meta bm_meta\">\n                <span class=\"posted-on\"><i class=\"fa fa-clock\" aria-hidden=\"true\"><\/i><a href=\"https:\/\/parcboscdental.com\/ca\/dentista-apnea-del-son\/\" rel=\"bookmark\">01\/04\/2026<\/a><\/span><span class=\"cat-links\"><i class=\"fa fa-list-alt\" aria-hidden=\"true\"><\/i>\n<span class=\"screen-reader-text\">Posted in<\/span><a href=\"https:\/\/parcboscdental.com\/ca\/category\/salut-oral-ca\/\" rel=\"category tag\">Salut oral<\/a><\/span>            <\/div>\n            <div class=\"entry-post-content bm_content\">\n                La boca no \u00e9s nom\u00e9s el lloc on comen\u00e7a la digesti\u00f3; \u00e9s el guardi\u00e0 de les teves vies respirat\u00f2ries. Si tens apnea del son, el teu dentista pot ser el primer a detectar-lo, fins i tot abans que el teu metge. Hi ha una connexi\u00f3 bidireccional fascinant: la qualitat del teu descans afecta la teva <div><a href=\"https:\/\/parcboscdental.com\/ca\/dentista-apnea-del-son\/\" rel=\"bookmark\" class=\"bm-read-more entry-read-more\">Leer m\u00e1s \u00bb<\/a><div>            <\/div>\n        <\/div>\n    <\/article>\n    <article id=\"post-5081\" class=\"item bm_layout post-5081 post type-post status-publish format-standard has-post-thumbnail hentry category-bruxismo-ca\">\n\t\t<div class=\"bm-blog-post-image entry-post-image\">\n\t\t\t<div class=\"bm-post-image clearfix bm-hover-effect\">\n\t\t\t\t<img decoding=\"async\" width=\"480\" height=\"250\" src=\"https:\/\/parcboscdental.com\/wp-content\/uploads\/2026\/03\/bruxismo-estres-480x250.jpg\" class=\"attachment-bm-post-medium size-bm-post-medium wp-post-image\" alt=\"F\u00e8rula de desc\u00e0rrega dental sobre una tauleta de nit al costat d&#039;un rellotge despertador, utilitzada per al tractament del bruxisme a Figueres.\" \/>\t\t\t<\/div>\n\t\t<\/div>\n        <div class=\"bm-blog-post-content bm_content_box\">\n            <h2 class=\"entry-post-title bm_title\"><a href=\"https:\/\/parcboscdental.com\/ca\/bruxisme-tractament-figueres-estres\/\" rel=\"bookmark\">Bruxisme i estr\u00e8s: com afecta el teu somriure?<\/a><\/h2>            <div class=\"bm-blog-post-meta entry-post-meta bm_meta\">\n                <span class=\"posted-on\"><i class=\"fa fa-clock\" aria-hidden=\"true\"><\/i><a href=\"https:\/\/parcboscdental.com\/ca\/bruxisme-tractament-figueres-estres\/\" rel=\"bookmark\">02\/03\/2026<\/a><\/span><span class=\"cat-links\"><i class=\"fa fa-list-alt\" aria-hidden=\"true\"><\/i>\n<span class=\"screen-reader-text\">Posted in<\/span><a href=\"https:\/\/parcboscdental.com\/ca\/category\/bruxismo-ca\/\" rel=\"category tag\">Bruxismo<\/a><\/span>            <\/div>\n            <div class=\"entry-post-content bm_content\">\n                El bruxisme \u00e9s un trastorn de prevalen\u00e7a creixent que es caracteritza per l'apretament o rechinament involuntari de les dents, amb m\u00e9s freq\u00fc\u00e8ncia durant el son. En la majoria dels casos, hi ha una relaci\u00f3 directa amb l'estr\u00e8s i l'ansietat sostinguda. Si est\u00e0s buscant informaci\u00f3 sobre bruxisme tractament Figueres, \u00e9s fonamental comprendre abans qu\u00e8 l'origina, com <div><a href=\"https:\/\/parcboscdental.com\/ca\/bruxisme-tractament-figueres-estres\/\" rel=\"bookmark\" class=\"bm-read-more entry-read-more\">Leer m\u00e1s \u00bb<\/a><div>            <\/div>\n        <\/div>\n    <\/article>\n    <article id=\"post-5069\" class=\"item bm_layout post-5069 post type-post status-publish format-standard has-post-thumbnail hentry category-ortodoncia-invisible-ca\">\n\t\t<div class=\"bm-blog-post-image entry-post-image\">\n\t\t\t<div class=\"bm-post-image clearfix bm-hover-effect\">\n\t\t\t\t<img decoding=\"async\" width=\"480\" height=\"250\" src=\"https:\/\/parcboscdental.com\/wp-content\/uploads\/2026\/02\/invisalign-figueres-1-480x250.jpg\" class=\"attachment-bm-post-medium size-bm-post-medium wp-post-image\" alt=\"Pacient adulta somriu despr\u00e9s de tractament d&#039;ortod\u00f2ncia invisible en cl\u00ednica dental de Figueres\" \/>\t\t\t<\/div>\n\t\t<\/div>\n        <div class=\"bm-blog-post-content bm_content_box\">\n            <h2 class=\"entry-post-title bm_title\"><a href=\"https:\/\/parcboscdental.com\/ca\/ortodoncia-invisible-figueres\/\" rel=\"bookmark\">Ortod\u00f2ncia invisible Invisalign: per a qui est\u00e0 indicada?<\/a><\/h2>            <div class=\"bm-blog-post-meta entry-post-meta bm_meta\">\n                <span class=\"posted-on\"><i class=\"fa fa-clock\" aria-hidden=\"true\"><\/i><a href=\"https:\/\/parcboscdental.com\/ca\/ortodoncia-invisible-figueres\/\" rel=\"bookmark\">09\/02\/2026<\/a><\/span><span class=\"cat-links\"><i class=\"fa fa-list-alt\" aria-hidden=\"true\"><\/i>\n<span class=\"screen-reader-text\">Posted in<\/span><a href=\"https:\/\/parcboscdental.com\/ca\/category\/ortodoncia-invisible-ca\/\" rel=\"category tag\">Ortod\u00f2ncia invisible<\/a><\/span>            <\/div>\n            <div class=\"entry-post-content bm_content\">\n                Cada vegada m\u00e9s persones adultes decideixen millorar l'alineaci\u00f3 de les seves dents sense rec\u00f3rrer als brackets tradicionals. L'ortod\u00f2ncia invisible Invisalign \u00e9s en una de les opcions m\u00e9s demandades gr\u00e0cies a la seva discreci\u00f3, comoditat i efic\u00e0cia, especialment en tractaments est\u00e8tics. A Parc Bosc Centre M\u00e8dic i Dental, oferim tractaments d'ortod\u00f2ncia invisible adaptats a cada pacient, <div><a href=\"https:\/\/parcboscdental.com\/ca\/ortodoncia-invisible-figueres\/\" rel=\"bookmark\" class=\"bm-read-more entry-read-more\">Leer m\u00e1s \u00bb<\/a><div>            <\/div>\n        <\/div>\n    <\/article>\n    <article id=\"post-5041\" class=\"item bm_layout post-5041 post type-post status-publish format-standard has-post-thumbnail hentry category-implantes-dentales-ca\">\n\t\t<div class=\"bm-blog-post-image entry-post-image\">\n\t\t\t<div class=\"bm-post-image clearfix bm-hover-effect\">\n\t\t\t\t<img loading=\"lazy\" decoding=\"async\" width=\"480\" height=\"250\" src=\"https:\/\/parcboscdental.com\/wp-content\/uploads\/2026\/01\/implantes-dentales-inmediatos-480x250.png\" class=\"attachment-bm-post-medium size-bm-post-medium wp-post-image\" alt=\"pacient somrient amb implants dentals immediats\" \/>\t\t\t<\/div>\n\t\t<\/div>\n        <div class=\"bm-blog-post-content bm_content_box\">\n            <h2 class=\"entry-post-title bm_title\"><a href=\"https:\/\/parcboscdental.com\/ca\/implants-dentals-immediats-figueres\/\" rel=\"bookmark\">Implants dentals immediats: avantatges enfront dels convencionals<\/a><\/h2>            <div class=\"bm-blog-post-meta entry-post-meta bm_meta\">\n                <span class=\"posted-on\"><i class=\"fa fa-clock\" aria-hidden=\"true\"><\/i><a href=\"https:\/\/parcboscdental.com\/ca\/implants-dentals-immediats-figueres\/\" rel=\"bookmark\">08\/01\/2026<\/a><\/span><span class=\"cat-links\"><i class=\"fa fa-list-alt\" aria-hidden=\"true\"><\/i>\n<span class=\"screen-reader-text\">Posted in<\/span><a href=\"https:\/\/parcboscdental.com\/ca\/category\/implantes-dentales-ca\/\" rel=\"category tag\">Implantes dentales<\/a><\/span>            <\/div>\n            <div class=\"entry-post-content bm_content\">\n                La p\u00e8rdua de dents pot ser un desafiament tant funcional com est\u00e8tic. Un dels tractaments m\u00e9s efectius per restaurar un somriure \u00e9s l'implant dental. No obstant aix\u00f2, dins d'aquesta categoria, els implants dentals immediats han guanyat popularitat per la seva capacitat per oferir resultats gaireb\u00e9 instantanis. En aquest article, explorarem els avantatges dels implants immediats <div><a href=\"https:\/\/parcboscdental.com\/ca\/implants-dentals-immediats-figueres\/\" rel=\"bookmark\" class=\"bm-read-more entry-read-more\">Leer m\u00e1s \u00bb<\/a><div>            <\/div>\n        <\/div>\n    <\/article>\n    <article id=\"post-5032\" class=\"item bm_layout post-5032 post type-post status-publish format-standard has-post-thumbnail hentry category-bruxismo-ca category-protesis-dentals-ca\">\n\t\t<div class=\"bm-blog-post-image entry-post-image\">\n\t\t\t<div class=\"bm-post-image clearfix bm-hover-effect\">\n\t\t\t\t<img loading=\"lazy\" decoding=\"async\" width=\"480\" height=\"250\" src=\"https:\/\/parcboscdental.com\/wp-content\/uploads\/2025\/12\/sensibilidad-dental-480x250.png\" class=\"attachment-bm-post-medium size-bm-post-medium wp-post-image\" alt=\"sensibilitat dental\" \/>\t\t\t<\/div>\n\t\t<\/div>\n        <div class=\"bm-blog-post-content bm_content_box\">\n            <h2 class=\"entry-post-title bm_title\"><a href=\"https:\/\/parcboscdental.com\/ca\/sensibilitat-dental-hivern\/\" rel=\"bookmark\">Com prevenir la sensibilitat dental a l&#8217;hivern?<\/a><\/h2>            <div class=\"bm-blog-post-meta entry-post-meta bm_meta\">\n                <span class=\"posted-on\"><i class=\"fa fa-clock\" aria-hidden=\"true\"><\/i><a href=\"https:\/\/parcboscdental.com\/ca\/sensibilitat-dental-hivern\/\" rel=\"bookmark\">11\/12\/2025<\/a><\/span><span class=\"cat-links\"><i class=\"fa fa-list-alt\" aria-hidden=\"true\"><\/i>\n<span class=\"screen-reader-text\">Posted in<\/span><a href=\"https:\/\/parcboscdental.com\/ca\/category\/bruxismo-ca\/\" rel=\"category tag\">Bruxismo<\/a>, <a href=\"https:\/\/parcboscdental.com\/ca\/category\/protesis-dentals-ca\/\" rel=\"category tag\">Pr\u00f2tesis dentals<\/a><\/span>            <\/div>\n            <div class=\"entry-post-content bm_content\">\n                La sensibilitat dental \u00e9s una de les mol\u00e8sties m\u00e9s comunes durant els mesos freds. Moltes persones noten un dolor breu en respirar aire fred, prendre begudes calentes o fredes, o fins i tot en raspallar-se les dents. Aix\u00f2 passa perqu\u00e8 l'hivern pot agreujar problemes previs com el desgast de l'esmalt o la retracci\u00f3 d'engrunes. A <div><a href=\"https:\/\/parcboscdental.com\/ca\/sensibilitat-dental-hivern\/\" rel=\"bookmark\" class=\"bm-read-more entry-read-more\">Leer m\u00e1s \u00bb<\/a><div>            <\/div>\n        <\/div>\n    <\/article>\n    <article id=\"post-5018\" class=\"item bm_layout post-5018 post type-post status-publish format-standard has-post-thumbnail hentry category-malalties-de-les-genives-ca category-odontologia-preventiva-ca\">\n\t\t<div class=\"bm-blog-post-image entry-post-image\">\n\t\t\t<div class=\"bm-post-image clearfix bm-hover-effect\">\n\t\t\t\t<img loading=\"lazy\" decoding=\"async\" width=\"480\" height=\"250\" src=\"https:\/\/parcboscdental.com\/wp-content\/uploads\/2025\/11\/limpieza-dental-figueres-480x250.png\" class=\"attachment-bm-post-medium size-bm-post-medium wp-post-image\" alt=\"noia somrient despr\u00e9s d&#039;una neteja dental professional al dentista\" \/>\t\t\t<\/div>\n\t\t<\/div>\n        <div class=\"bm-blog-post-content bm_content_box\">\n            <h2 class=\"entry-post-title bm_title\"><a href=\"https:\/\/parcboscdental.com\/ca\/neteja-dental-professional-figueres\/\" rel=\"bookmark\">Cuidar el teu somriure comen\u00e7a amb una bona prevenci\u00f3<\/a><\/h2>            <div class=\"bm-blog-post-meta entry-post-meta bm_meta\">\n                <span class=\"posted-on\"><i class=\"fa fa-clock\" aria-hidden=\"true\"><\/i><a href=\"https:\/\/parcboscdental.com\/ca\/neteja-dental-professional-figueres\/\" rel=\"bookmark\">07\/11\/2025<\/a><\/span><span class=\"cat-links\"><i class=\"fa fa-list-alt\" aria-hidden=\"true\"><\/i>\n<span class=\"screen-reader-text\">Posted in<\/span><a href=\"https:\/\/parcboscdental.com\/ca\/category\/malalties-de-les-genives-ca\/\" rel=\"category tag\">Malalties de les genives<\/a>, <a href=\"https:\/\/parcboscdental.com\/ca\/category\/odontologia-preventiva-ca\/\" rel=\"category tag\">Odontolog\u00eda preventiva<\/a><\/span>            <\/div>\n            <div class=\"entry-post-content bm_content\">\n                Mantenir una boca sana no dep\u00e8n nom\u00e9s del raspallat diari o de l'\u00fas del fil dental. La neteja dental professional \u2014tamb\u00e9 anomenada profilaxi\u2014 \u00e9s un tractament fonamental per eliminar el carrall, la placa bacteriana i les taques que s'acumulen amb el temps fins i tot amb una bona higiene a casa. A Parc Bosc Centre <div><a href=\"https:\/\/parcboscdental.com\/ca\/neteja-dental-professional-figueres\/\" rel=\"bookmark\" class=\"bm-read-more entry-read-more\">Leer m\u00e1s \u00bb<\/a><div>            <\/div>\n        <\/div>\n    <\/article>\n\t\t\t\t<\/div><\/div>\n\t\t\t\t\t\t\t<div class=\"bm-pagination pagination_style_1\">\n\t\t\t\t<span aria-current=\"page\" class=\"page-numbers current\">1<\/span>\n<a class=\"page-numbers\" href=\"https:\/\/parcboscdental.com\/ca\/wp-json\/wp\/v2\/pages\/3925\/page\/2\/\">2<\/a>\n<span class=\"page-numbers dots\">&hellip;<\/span>\n<a class=\"page-numbers\" href=\"https:\/\/parcboscdental.com\/ca\/wp-json\/wp\/v2\/pages\/3925\/page\/10\/\">10<\/a>\n<a class=\"page-numbers\" href=\"https:\/\/parcboscdental.com\/ca\/wp-json\/wp\/v2\/pages\/3925\/page\/11\/\">11<\/a>\n<a class=\"next page-numbers\" href=\"https:\/\/parcboscdental.com\/ca\/wp-json\/wp\/v2\/pages\/3925\/page\/2\/\">  <i><\/i><\/a>\t\t\t<\/div>\n\t\t\t\t\t\t<\/div>\n\t\t\t\t<\/div>\n\t\t\t\t\t<\/div>\n\t\t<\/div>\n\t\t\t\t\t<\/div>\n\t\t<\/section>\n\t\t\t\t<\/div>\n\t\t","protected":false},"excerpt":{"rendered":"<p>\u00daltims articles del blog Qu\u00e8 s\u00f3n les carilles dentals? 30\/11\/2020 Posted inEst\u00e9tica dental Les carilles dentals s\u00f3n unes fines l\u00e0mines de porcellana o composite que s&#8217;adhereixen a la cara visible d&#8217;la dent per millorar el seu aspecte est\u00e8tic. Qu\u00e8 \u00e9s l&#8217;est\u00e8tica dental? L&#8217;est\u00e8tica dental engloba aquelles accions que contribueixen a l&#8217;embelliment de les dents oferint &#8230; <a title=\"Cuidar el teu somriure comen\u00e7a amb una bona prevenci\u00f3\" class=\"read-more\" href=\"https:\/\/parcboscdental.com\/ca\/neteja-dental-professional-figueres\/\" aria-label=\"M\u00e9s informaci\u00f3 sobre Cuidar el teu somriure comen\u00e7a amb una bona prevenci\u00f3\">Read more<\/a><\/p>\n","protected":false},"author":1,"featured_media":0,"parent":0,"menu_order":0,"comment_status":"closed","ping_status":"closed","template":"","meta":{"footnotes":""},"class_list":["post-3925","page","type-page","status-publish","hentry"],"yoast_head":"<!-- This site is optimized with the Yoast SEO plugin v27.4 - https:\/\/yoast.com\/product\/yoast-seo-wordpress\/ -->\n<title>Blog | Parc Bosc Centre M\u00e8dic i Dental | Dentistas Figueres<\/title>\n<meta name=\"description\" content=\"Blog sobre tractaments dentals a Figueres. Ortod\u00f2ncia, Est\u00e8tica dental, Implantologia, Pr\u00f2tesis dentals, Odontopediatria, Endod\u00f2ncia...\" \/>\n<meta name=\"robots\" content=\"index, follow, max-snippet:-1, max-image-preview:large, max-video-preview:-1\" \/>\n<link rel=\"canonical\" href=\"https:\/\/parcboscdental.com\/ca\/blog\/\" \/>\n<meta property=\"og:locale\" content=\"ca_ES\" \/>\n<meta property=\"og:type\" content=\"article\" \/>\n<meta property=\"og:title\" content=\"Blog | Parc Bosc Centre M\u00e8dic i Dental | Dentistas Figueres\" \/>\n<meta property=\"og:description\" content=\"Blog sobre tractaments dentals a Figueres. Ortod\u00f2ncia, Est\u00e8tica dental, Implantologia, Pr\u00f2tesis dentals, Odontopediatria, Endod\u00f2ncia...\" \/>\n<meta property=\"og:url\" content=\"https:\/\/parcboscdental.com\/ca\/blog\/\" \/>\n<meta property=\"og:site_name\" content=\"Parc Bosc Dental\" \/>\n<meta property=\"article:modified_time\" content=\"2021-01-04T19:51:59+00:00\" \/>\n<meta property=\"og:image\" content=\"https:\/\/parcboscdental.com\/wp-content\/uploads\/2020\/03\/carillas-dentales-figueres-480x250.png\" \/>\n<meta name=\"twitter:card\" content=\"summary_large_image\" \/>\n<script type=\"application\/ld+json\" class=\"yoast-schema-graph\">{\"@context\":\"https:\\\/\\\/schema.org\",\"@graph\":[{\"@type\":\"WebPage\",\"@id\":\"https:\\\/\\\/parcboscdental.com\\\/ca\\\/blog\\\/\",\"url\":\"https:\\\/\\\/parcboscdental.com\\\/ca\\\/blog\\\/\",\"name\":\"Blog | Parc Bosc Centre M\u00e8dic i Dental | Dentistas Figueres\",\"isPartOf\":{\"@id\":\"https:\\\/\\\/parcboscdental.com\\\/#website\"},\"primaryImageOfPage\":{\"@id\":\"https:\\\/\\\/parcboscdental.com\\\/ca\\\/blog\\\/#primaryimage\"},\"image\":{\"@id\":\"https:\\\/\\\/parcboscdental.com\\\/ca\\\/blog\\\/#primaryimage\"},\"thumbnailUrl\":\"https:\\\/\\\/parcboscdental.com\\\/wp-content\\\/uploads\\\/2020\\\/03\\\/carillas-dentales-figueres-480x250.png\",\"datePublished\":\"2020-12-16T09:38:04+00:00\",\"dateModified\":\"2021-01-04T19:51:59+00:00\",\"description\":\"Blog sobre tractaments dentals a Figueres. Ortod\u00f2ncia, Est\u00e8tica dental, Implantologia, Pr\u00f2tesis dentals, Odontopediatria, Endod\u00f2ncia...\",\"breadcrumb\":{\"@id\":\"https:\\\/\\\/parcboscdental.com\\\/ca\\\/blog\\\/#breadcrumb\"},\"inLanguage\":\"ca\",\"potentialAction\":[{\"@type\":\"ReadAction\",\"target\":[\"https:\\\/\\\/parcboscdental.com\\\/ca\\\/blog\\\/\"]}]},{\"@type\":\"ImageObject\",\"inLanguage\":\"ca\",\"@id\":\"https:\\\/\\\/parcboscdental.com\\\/ca\\\/blog\\\/#primaryimage\",\"url\":\"https:\\\/\\\/parcboscdental.com\\\/wp-content\\\/uploads\\\/2020\\\/03\\\/carillas-dentales-figueres-480x250.png\",\"contentUrl\":\"https:\\\/\\\/parcboscdental.com\\\/wp-content\\\/uploads\\\/2020\\\/03\\\/carillas-dentales-figueres-480x250.png\"},{\"@type\":\"BreadcrumbList\",\"@id\":\"https:\\\/\\\/parcboscdental.com\\\/ca\\\/blog\\\/#breadcrumb\",\"itemListElement\":[{\"@type\":\"ListItem\",\"position\":1,\"name\":\"Portada\",\"item\":\"https:\\\/\\\/parcboscdental.com\\\/\"},{\"@type\":\"ListItem\",\"position\":2,\"name\":\"Blog\"}]},{\"@type\":\"WebSite\",\"@id\":\"https:\\\/\\\/parcboscdental.com\\\/#website\",\"url\":\"https:\\\/\\\/parcboscdental.com\\\/\",\"name\":\"Parc Bosc Dental\",\"description\":\"\",\"publisher\":{\"@id\":\"https:\\\/\\\/parcboscdental.com\\\/#organization\"},\"potentialAction\":[{\"@type\":\"SearchAction\",\"target\":{\"@type\":\"EntryPoint\",\"urlTemplate\":\"https:\\\/\\\/parcboscdental.com\\\/?s={search_term_string}\"},\"query-input\":{\"@type\":\"PropertyValueSpecification\",\"valueRequired\":true,\"valueName\":\"search_term_string\"}}],\"inLanguage\":\"ca\"},{\"@type\":\"Organization\",\"@id\":\"https:\\\/\\\/parcboscdental.com\\\/#organization\",\"name\":\"Parc Bosc Dental\",\"url\":\"https:\\\/\\\/parcboscdental.com\\\/\",\"logo\":{\"@type\":\"ImageObject\",\"inLanguage\":\"ca\",\"@id\":\"https:\\\/\\\/parcboscdental.com\\\/#\\\/schema\\\/logo\\\/image\\\/\",\"url\":\"https:\\\/\\\/parcboscdental.com\\\/wp-content\\\/uploads\\\/2023\\\/09\\\/logo.jpeg\",\"contentUrl\":\"https:\\\/\\\/parcboscdental.com\\\/wp-content\\\/uploads\\\/2023\\\/09\\\/logo.jpeg\",\"width\":930,\"height\":465,\"caption\":\"Parc Bosc Dental\"},\"image\":{\"@id\":\"https:\\\/\\\/parcboscdental.com\\\/#\\\/schema\\\/logo\\\/image\\\/\"}}]}<\/script>\n<!-- \/ Yoast SEO plugin. -->","yoast_head_json":{"title":"Blog | Parc Bosc Centre M\u00e8dic i Dental | Dentistas Figueres","description":"Blog sobre tractaments dentals a Figueres. Ortod\u00f2ncia, Est\u00e8tica dental, Implantologia, Pr\u00f2tesis dentals, Odontopediatria, Endod\u00f2ncia...","robots":{"index":"index","follow":"follow","max-snippet":"max-snippet:-1","max-image-preview":"max-image-preview:large","max-video-preview":"max-video-preview:-1"},"canonical":"https:\/\/parcboscdental.com\/ca\/blog\/","og_locale":"ca_ES","og_type":"article","og_title":"Blog | Parc Bosc Centre M\u00e8dic i Dental | Dentistas Figueres","og_description":"Blog sobre tractaments dentals a Figueres. Ortod\u00f2ncia, Est\u00e8tica dental, Implantologia, Pr\u00f2tesis dentals, Odontopediatria, Endod\u00f2ncia...","og_url":"https:\/\/parcboscdental.com\/ca\/blog\/","og_site_name":"Parc Bosc Dental","article_modified_time":"2021-01-04T19:51:59+00:00","og_image":[{"url":"https:\/\/parcboscdental.com\/wp-content\/uploads\/2020\/03\/carillas-dentales-figueres-480x250.png","type":"","width":"","height":""}],"twitter_card":"summary_large_image","schema":{"@context":"https:\/\/schema.org","@graph":[{"@type":"WebPage","@id":"https:\/\/parcboscdental.com\/ca\/blog\/","url":"https:\/\/parcboscdental.com\/ca\/blog\/","name":"Blog | Parc Bosc Centre M\u00e8dic i Dental | Dentistas Figueres","isPartOf":{"@id":"https:\/\/parcboscdental.com\/#website"},"primaryImageOfPage":{"@id":"https:\/\/parcboscdental.com\/ca\/blog\/#primaryimage"},"image":{"@id":"https:\/\/parcboscdental.com\/ca\/blog\/#primaryimage"},"thumbnailUrl":"https:\/\/parcboscdental.com\/wp-content\/uploads\/2020\/03\/carillas-dentales-figueres-480x250.png","datePublished":"2020-12-16T09:38:04+00:00","dateModified":"2021-01-04T19:51:59+00:00","description":"Blog sobre tractaments dentals a Figueres. Ortod\u00f2ncia, Est\u00e8tica dental, Implantologia, Pr\u00f2tesis dentals, Odontopediatria, Endod\u00f2ncia...","breadcrumb":{"@id":"https:\/\/parcboscdental.com\/ca\/blog\/#breadcrumb"},"inLanguage":"ca","potentialAction":[{"@type":"ReadAction","target":["https:\/\/parcboscdental.com\/ca\/blog\/"]}]},{"@type":"ImageObject","inLanguage":"ca","@id":"https:\/\/parcboscdental.com\/ca\/blog\/#primaryimage","url":"https:\/\/parcboscdental.com\/wp-content\/uploads\/2020\/03\/carillas-dentales-figueres-480x250.png","contentUrl":"https:\/\/parcboscdental.com\/wp-content\/uploads\/2020\/03\/carillas-dentales-figueres-480x250.png"},{"@type":"BreadcrumbList","@id":"https:\/\/parcboscdental.com\/ca\/blog\/#breadcrumb","itemListElement":[{"@type":"ListItem","position":1,"name":"Portada","item":"https:\/\/parcboscdental.com\/"},{"@type":"ListItem","position":2,"name":"Blog"}]},{"@type":"WebSite","@id":"https:\/\/parcboscdental.com\/#website","url":"https:\/\/parcboscdental.com\/","name":"Parc Bosc Dental","description":"","publisher":{"@id":"https:\/\/parcboscdental.com\/#organization"},"potentialAction":[{"@type":"SearchAction","target":{"@type":"EntryPoint","urlTemplate":"https:\/\/parcboscdental.com\/?s={search_term_string}"},"query-input":{"@type":"PropertyValueSpecification","valueRequired":true,"valueName":"search_term_string"}}],"inLanguage":"ca"},{"@type":"Organization","@id":"https:\/\/parcboscdental.com\/#organization","name":"Parc Bosc Dental","url":"https:\/\/parcboscdental.com\/","logo":{"@type":"ImageObject","inLanguage":"ca","@id":"https:\/\/parcboscdental.com\/#\/schema\/logo\/image\/","url":"https:\/\/parcboscdental.com\/wp-content\/uploads\/2023\/09\/logo.jpeg","contentUrl":"https:\/\/parcboscdental.com\/wp-content\/uploads\/2023\/09\/logo.jpeg","width":930,"height":465,"caption":"Parc Bosc Dental"},"image":{"@id":"https:\/\/parcboscdental.com\/#\/schema\/logo\/image\/"}}]}},"_links":{"self":[{"href":"https:\/\/parcboscdental.com\/ca\/wp-json\/wp\/v2\/pages\/3925","targetHints":{"allow":["GET"]}}],"collection":[{"href":"https:\/\/parcboscdental.com\/ca\/wp-json\/wp\/v2\/pages"}],"about":[{"href":"https:\/\/parcboscdental.com\/ca\/wp-json\/wp\/v2\/types\/page"}],"author":[{"embeddable":true,"href":"https:\/\/parcboscdental.com\/ca\/wp-json\/wp\/v2\/users\/1"}],"replies":[{"embeddable":true,"href":"https:\/\/parcboscdental.com\/ca\/wp-json\/wp\/v2\/comments?post=3925"}],"version-history":[{"count":0,"href":"https:\/\/parcboscdental.com\/ca\/wp-json\/wp\/v2\/pages\/3925\/revisions"}],"wp:attachment":[{"href":"https:\/\/parcboscdental.com\/ca\/wp-json\/wp\/v2\/media?parent=3925"}],"curies":[{"name":"wp","href":"https:\/\/api.w.org\/{rel}","templated":true}]}}