{"id":3815,"date":"2020-09-14T08:33:15","date_gmt":"2020-09-14T08:33:15","guid":{"rendered":"https:\/\/parcboscdental.com\/aviso-legal\/"},"modified":"2026-01-08T12:13:00","modified_gmt":"2026-01-08T12:13:00","slug":"aviso-legal","status":"publish","type":"page","link":"https:\/\/parcboscdental.com\/ca\/aviso-legal\/","title":{"rendered":"Aviso legal"},"content":{"rendered":"\t\t<div data-elementor-type=\"wp-page\" data-elementor-id=\"3815\" class=\"elementor elementor-3815 elementor-3756\">\n\t\t\t\t\t\t<section class=\"elementor-section elementor-top-section elementor-element elementor-element-5f4e285 elementor-section-boxed elementor-section-height-default elementor-section-height-default\" data-id=\"5f4e285\" data-element_type=\"section\" data-e-type=\"section\">\n\t\t\t\t\t\t<div class=\"elementor-container elementor-column-gap-default\">\n\t\t\t\t\t<div class=\"elementor-column elementor-col-100 elementor-top-column elementor-element elementor-element-ef632a0\" data-id=\"ef632a0\" data-element_type=\"column\" data-e-type=\"column\">\n\t\t\t<div class=\"elementor-widget-wrap elementor-element-populated\">\n\t\t\t\t\t\t<div class=\"elementor-element elementor-element-349e630 elementor-widget elementor-widget-heading\" data-id=\"349e630\" data-element_type=\"widget\" data-e-type=\"widget\" data-widget_type=\"heading.default\">\n\t\t\t\t<div class=\"elementor-widget-container\">\n\t\t\t\t\t<h1 class=\"elementor-heading-title elementor-size-default\">Aviso legal<\/h1>\t\t\t\t<\/div>\n\t\t\t\t<\/div>\n\t\t\t\t<div class=\"elementor-element elementor-element-404c3b3 elementor-widget elementor-widget-text-editor\" data-id=\"404c3b3\" data-element_type=\"widget\" data-e-type=\"widget\" data-widget_type=\"text-editor.default\">\n\t\t\t\t<div class=\"elementor-widget-container\">\n\t\t\t\t\t\t\t\t\t<p><em>De conformidad con lo establecido en la Ley 34\/2002, de 11 de julio, de servicios de la sociedad de la informaci\u00f3n y de comercio electr\u00f3nico, se facilita la siguiente informaci\u00f3n:<\/em><\/p>\n<h2>Datos identificativos.<\/h2>\n<p>Usted est\u00e1 visitando la p\u00e1gina web parcboscdental.com titularidad de CEMID Parc Bosc, con domicilio social en Avda. Salvador Dal\u00ed i Dom\u00e8nech, 64 17600 Figueres (Girona), con N.I.F. 03481991K, inscrita en el Registro Mercantil, en adelante EL TITULAR.<\/p>\n<p>En cumplimiento con el deber de informaci\u00f3n recogido en art\u00edculo 10 de la Ley 34\/2002, de 11 de julio, de Servicios de la Sociedad de la Informaci\u00f3n y del Comercio Electr\u00f3nico (LSSICE), FAUSTO SUAREZ BOSCH, propietario de la web, le informa de lo siguiente:<\/p>\n<ul>\n<li>Denominaci\u00f3n social: FAUSTO SUAREZ BOSCH<\/li>\n<li>CIF: 03481991K<\/li>\n<li>Domicilio social:&nbsp;Avda. Salvador Dal\u00ed i Dom\u00e8nech, 64\n17600 Figueres\n\n\t\t\t\t\t&nbsp;(Girona)<\/li>\n<li>Tel\u00e9fono: 972501078<\/li>\n<li>Email: cemidparcbosc@hotmail.es<\/li>\n<li>Autorizaci\u00f3n administrativa: (Autorizaci\u00f3n Sanitaria E 17802357 \/ Industria I0523)<\/li>\n<li>Doctores colegiados: Dr. Fausto Su\u00e1rez Bosch 7172 ; Dra. Yulenia Cruz Rivas 7173<\/li>\n<li>Delegado de Protecci\u00f3n de Datos: delegadopd@stericycle.com<\/li>\n<\/ul>\n<h2>Usuarios.<\/h2>\n<p>Las presentes condiciones (en adelante Aviso Legal) tiene por finalidad regular el uso de la p\u00e1gina web de FAUSTO SUAREZ BOSCH que pone a disposici\u00f3n del p\u00fablico.<\/p>\n<p>El acceso y\/o uso de esta p\u00e1gina web atribuye la condici\u00f3n de USUARIO, que acepta, desde dicho acceso y\/o uso, las condiciones generales de uso aqu\u00ed reflejadas. Las citadas condiciones ser\u00e1n de aplicaci\u00f3n independientemente de las condiciones generales de contrataci\u00f3n que en su caso resulten de obligado cumplimiento.<\/p>\n<h2>Uso del portal.<\/h2>\n<p>parcboscdental.com proporciona el acceso a multitud de informaciones, servicios, programas o datos (en adelante, \u201clos contenidos\u201d) en Internet pertenecientes a FAUSTO SUAREZ BOSCH o a sus licenciantes a los que el USUARIO puede tener acceso.<\/p>\n<p>El usuario asume la responsabilidad del uso del portal. Dicha responsabilidad se extiende al registro que fuese necesario para acceder a determinados servicios o contenidos. En dicho registro el USUARIO ser\u00e1 responsable de aportar informaci\u00f3n veraz y l\u00edcita. Como consecuencia de este registro, al USUARIO se le puede proporcionar una contrase\u00f1a de la que ser\u00e1 responsable, comprometi\u00e9ndose a hacer un uso diligente y confidencial de la misma.<\/p>\n<p>El USUARIO se compromete a hacer un uso adecuado de los contenidos y servicios (p.e. servicios de chat, foros de discusi\u00f3n o grupos de noticias) que FAUSTO SUAREZ BOSCH ofrece a trav\u00e9s de su portal y con car\u00e1cter enunciativo, pero no limitativo, a no emplearlos para:<\/p>\n<ul>\n<li>Incurrir en actividades il\u00edcitas, ilegales o contrarias a la buena fe y al orden p\u00fablico.<\/li>\n<li>Difundir contenidos o propaganda racista, xen\u00f3foba, pornogr\u00e1fico-ilegal, de apolog\u00eda del terrorismo o atentatoria contra los derechos humanos.<\/li>\n<li>Provocar da\u00f1os en los sistemas f\u00edsicos y l\u00f3gicos de sus proveedores o de terceras personas, introducir o difundir en la red virus inform\u00e1ticos o cualesquiera otros sistemas f\u00edsicos o l\u00f3gicos que sean susceptibles de provocar los da\u00f1os anteriormente mencionados.<\/li>\n<li>Intentar acceder y, en su caso, utilizar las cuentas de correo electr\u00f3nico de otros usuarios y modificar o manipular sus mensajes.<\/li>\n<li>Utilizar el sitio web ni las informaciones que en \u00e9l se contienen con fines comerciales, pol\u00edticos, publicitarios y para cualquier uso comercial, sobre todo en el env\u00edo de correos electr\u00f3nicos no solicitados.<\/li>\n<\/ul>\n<p>FAUSTO SUAREZ BOSCH se reserva el derecho a retirar todos aquellos comentarios y aportaciones que vulneren el respeto a la dignidad de la persona, que sean discriminatorios, xen\u00f3fobos, racistas pornogr\u00e1ficos, que atenten contra la juventud o la infancia, el orden o la seguridad p\u00fablica o que, a su juicio, no resultar\u00e1n adecuados para su publicaci\u00f3n. En cualquier caso, FAUSTO SUAREZ BOSCH no ser\u00e1 responsable de las opiniones vertidas por los usuarios a trav\u00e9s de los foros, chats, u otras herramientas de participaci\u00f3n.<\/p>\n<h2>Protecci\u00f3n de datos.<\/h2>\n<p>Todo lo relativo a la pol\u00edtica de protecci\u00f3n de datos se encuentra recogido en el documento de pol\u00edtica de privacidad.<\/p>\n<h2>Destinatarios.<\/h2>\n<p>Durante el periodo de duraci\u00f3n del tratamiento de sus datos personales, organizaci\u00f3n podr\u00e1 ceder sus datos a los siguientes destinatarios:<\/p>\n<ul>\n<li>Jueces y Tribunales.<\/li>\n<li>Fuerzas y Cuerpos de Seguridad del Estado.<\/li>\n<li>Otras autoridades u organismos p\u00fablicos competentes, cuando el responsable tenga la obligaci\u00f3n legal de facilitar los datos personales.<\/li>\n<\/ul>\n<h2>Contenidos. Propiedad intelectual e industrial.<\/h2>\n<p>FAUSTO SUAREZ BOSCH es propietario de todos los derechos de propiedad intelectual e industrial de su p\u00e1gina web, as\u00ed como de los elementos contenidos en la misma (a t\u00edtulo enunciativo: im\u00e1genes, fotograf\u00edas, sonido, audio, v\u00eddeo, software o textos; marcas o logotipos, combinaciones de colores, estructura y dise\u00f1o, selecci\u00f3n de materiales usados, programas de ordenador necesarios para su funcionamiento, acceso y uso, etc), titularidad de FAUSTO SUAREZ BOSCH o bien de sus licenciantes.<\/p>\n<p>Todos los derechos reservados. En virtud de lo dispuesto en los art\u00edculos 8 y 32.1, p\u00e1rrafo segundo, de la Ley de Propiedad Intelectual, quedan expresamente prohibidas la reproducci\u00f3n, la distribuci\u00f3n y la comunicaci\u00f3n p\u00fablica, incluida su modalidad de puesta a disposici\u00f3n, de la totalidad o parte de los contenidos de esta p\u00e1gina web, con fines comerciales, en cualquier soporte y por cualquier medio t\u00e9cnico, sin la autorizaci\u00f3n de FAUSTO SUAREZ BOSCH.<\/p>\n<h2>Exclusi\u00f3n de garant\u00edas y responsabilidad.<\/h2>\n<p>EL USUARIO reconoce que la utilizaci\u00f3n de la p\u00e1gina web y de sus contenidos y servicios se desarrolla bajo su exclusiva responsabilidad. En concreto, a t\u00edtulo meramente enunciativo, FAUSTO SUAREZ BOSCH no asume ninguna responsabilidad en los siguientes \u00e1mbitos:<\/p>\n<ul>\n<li>La disponibilidad del funcionamiento de la p\u00e1gina web, sus servicios y contenidos y su calidad o interoperabilidad.<\/li>\n<li>La finalidad para la que la p\u00e1gina web sirva a los objetivos del USUARIO.<\/li>\n<li>La infracci\u00f3n de la legislaci\u00f3n vigente por parte del USUARIO o terceros y, en concreto, de los derechos de propiedad intelectual e industrial que sean titularidad de otras personas o entidades.<\/li>\n<li>La existencia de c\u00f3digos maliciosos o cualquier otro elemento inform\u00e1tico da\u00f1ino que pudiera causar el sistema inform\u00e1tico del USUARIO o de terceros. Corresponde al USUARIO, en todo caso, disponer de herramientas adecuadas para la detecci\u00f3n y desinfecci\u00f3n de estos elementos.<\/li>\n<li>El acceso fraudulento a los contenidos o servicios por terceros no autorizados, o, en su caso, la captura, eliminaci\u00f3n, alteraci\u00f3n, modificaci\u00f3n o manipulaci\u00f3n de los mensajes y comunicaciones de cualquier clase que dichos terceros pudiera realizar.<\/li>\n<li>La exactitud, veracidad, actualidad y utilidad de los contenidos y servicios ofrecidos y la utilizaci\u00f3n posterior que de ellos haga el USUARIO. FAUSTO SUAREZ BOSCH emplear\u00e1 todos los esfuerzos y medios razonables para facilitar la informaci\u00f3n actualizada y fehaciente.<\/li>\n<li>Los da\u00f1os producidos a equipos inform\u00e1ticos durante el acceso a la p\u00e1gina web y los da\u00f1os producidos a los USUARIOS cuando tengan su origen en fallos o desconexiones en las redes de telecomunicaciones que interrumpan el servicio.<\/li>\n<li>Los da\u00f1os o perjuicios que se deriven de circunstancias acaecidas por caso fortuito o fuerza mayor.<\/li>\n<\/ul>\n<p>En caso de que existan foros, el uso de los mismos u otros espacios an\u00e1logos, ha de tenerse en cuenta que los mensajes reflejen \u00fanicamente la opini\u00f3n del USUARIO que los remite, que es el \u00fanico responsable. FAUSTO SUAREZ BOSCH no se hace responsable del contenido de los mensajes enviados por el USUARIO.<\/p>\n<h2>Modificaciones de este aviso legal y duraci\u00f3n.<\/h2>\n<p>FAUSTO SUAREZ BOSCH se reserva el derecho de efectuar sin previo aviso las modificaciones que considere oportunas en su portal, pudiendo cambiar, suprimir o a\u00f1adir tantos contenidos y servicios que se presten a trav\u00e9s de la misma, como la forma en la que estos aparezcan representados o localizados en su portal.<\/p>\n<p>La vigencia de las citadas condiciones ir\u00e1 en funci\u00f3n de su exposici\u00f3n y estar\u00e1n vigentes hasta que sean modificadas por otras debidamente publicadas.<\/p>\n<h2>Enlaces.<\/h2>\n<p>En el caso de que enparcboscdental.com se incluyesen enlaces o hiperv\u00ednculos hacia otros sitios de Internet, EL TITULAR no ejercer\u00e1 ning\u00fan tipo de control sobre dichos sitios y contenidos. En ning\u00fan caso FAUSTO SUAREZ BOSCH asumir\u00e1 responsabilidad alguna por los contenidos de alg\u00fan enlace perteneciente a un sitio web ajeno, ni garantizar\u00e1 la disponibilidad t\u00e9cnica, calidad, fiabilidad, exactitud, amplitud, veracidad, validez y constitucionalidad de cualquier materia o informaci\u00f3n contenida en ninguno de dichos hiperv\u00ednculos y otros sitios en Internet. Igualmente, la inclusi\u00f3n de estas conexiones externas no implicar\u00e1 ning\u00fan tipo de asociaci\u00f3n, fusi\u00f3n o participaci\u00f3n con las entidades conectadas.<\/p>\n<h2>Derechos de exclusi\u00f3n.<\/h2>\n<p>FAUSTO SUAREZ BOSCH ser reserva el derecho a denegar o retirar el acceso a portal y\/o los servicios ofrecidos sin necesidad de advertencia previa, a instancia propia o de un tercero, a aquellos usuarios que incumplan el contenido de este aviso legal.<\/p>\n<h2>Generalidades.<\/h2>\n<p>FAUSTO SUAREZ BOSCH perseguir\u00e1 el incumplimiento de las presentes condiciones, as\u00ed como cualquier utilizaci\u00f3n indebida de su portal ejerciendo todas las acciones civiles y penales que le puedan corresponder en derecho.<\/p>\n<h2>Menores de edad.<\/h2>\n<p>parcboscdental.com dirige sus servicios a usuarios mayores de 18. Los menores de esta edad no est\u00e1n autorizados a utilizar nuestros servicios y no deber\u00e1n, por tanto, enviarnos sus datos personales. Informamos de que, si se da tal circunstancia, CEMID Parc Bosc no se hace responsable de las posibles consecuencias que pudieran derivarse del incumplimiento del aviso que en esta misma cl\u00e1usula se establece.<\/p>\t\t\t\t\t\t\t\t<\/div>\n\t\t\t\t<\/div>\n\t\t\t\t\t<\/div>\n\t\t<\/div>\n\t\t\t\t\t<\/div>\n\t\t<\/section>\n\t\t\t\t<\/div>\n\t\t","protected":false},"excerpt":{"rendered":"<p>Aviso legal De conformidad con lo establecido en la Ley 34\/2002, de 11 de julio, de servicios de la sociedad de la informaci\u00f3n y de comercio electr\u00f3nico, se facilita la siguiente informaci\u00f3n: Datos identificativos. Usted est\u00e1 visitando la p\u00e1gina web parcboscdental.com titularidad de CEMID Parc Bosc, con domicilio social en Avda. Salvador Dal\u00ed i Dom\u00e8nech, &#8230; <a title=\"Aviso legal\" class=\"read-more\" href=\"https:\/\/parcboscdental.com\/ca\/aviso-legal\/\" aria-label=\"M\u00e9s informaci\u00f3 sobre Aviso legal\">Read more<\/a><\/p>\n","protected":false},"author":1,"featured_media":0,"parent":0,"menu_order":0,"comment_status":"closed","ping_status":"closed","template":"","meta":{"footnotes":""},"class_list":["post-3815","page","type-page","status-publish"],"yoast_head":"<!-- This site is optimized with the Yoast SEO plugin v27.3 - https:\/\/yoast.com\/product\/yoast-seo-wordpress\/ -->\n<title>Aviso legal | Parc Bosc Dental<\/title>\n<meta name=\"robots\" content=\"noindex, nofollow\" \/>\n<meta property=\"og:locale\" content=\"ca_ES\" \/>\n<meta property=\"og:type\" content=\"article\" \/>\n<meta property=\"og:title\" content=\"Aviso legal | Parc Bosc Dental\" \/>\n<meta property=\"og:description\" content=\"Aviso legal De conformidad con lo establecido en la Ley 34\/2002, de 11 de julio, de servicios de la sociedad de la informaci\u00f3n y de comercio electr\u00f3nico, se facilita la siguiente informaci\u00f3n: Datos identificativos. Usted est\u00e1 visitando la p\u00e1gina web parcboscdental.com titularidad de CEMID Parc Bosc, con domicilio social en Avda. Salvador Dal\u00ed i Dom\u00e8nech, ... Read more\" \/>\n<meta property=\"og:url\" content=\"https:\/\/parcboscdental.com\/ca\/aviso-legal\/\" \/>\n<meta property=\"og:site_name\" content=\"Parc Bosc Dental\" \/>\n<meta property=\"article:modified_time\" content=\"2026-01-08T12:13:00+00:00\" \/>\n<meta name=\"twitter:card\" content=\"summary_large_image\" \/>\n<meta name=\"twitter:label1\" content=\"Temps estimat de lectura\" \/>\n\t<meta name=\"twitter:data1\" content=\"7 minuts\" \/>\n<script type=\"application\/ld+json\" class=\"yoast-schema-graph\">{\"@context\":\"https:\\\/\\\/schema.org\",\"@graph\":[{\"@type\":\"WebPage\",\"@id\":\"https:\\\/\\\/parcboscdental.com\\\/ca\\\/aviso-legal\\\/\",\"url\":\"https:\\\/\\\/parcboscdental.com\\\/ca\\\/aviso-legal\\\/\",\"name\":\"Aviso legal | Parc Bosc Dental\",\"isPartOf\":{\"@id\":\"https:\\\/\\\/parcboscdental.com\\\/#website\"},\"datePublished\":\"2020-09-14T08:33:15+00:00\",\"dateModified\":\"2026-01-08T12:13:00+00:00\",\"breadcrumb\":{\"@id\":\"https:\\\/\\\/parcboscdental.com\\\/ca\\\/aviso-legal\\\/#breadcrumb\"},\"inLanguage\":\"ca\",\"potentialAction\":[{\"@type\":\"ReadAction\",\"target\":[\"https:\\\/\\\/parcboscdental.com\\\/ca\\\/aviso-legal\\\/\"]}]},{\"@type\":\"BreadcrumbList\",\"@id\":\"https:\\\/\\\/parcboscdental.com\\\/ca\\\/aviso-legal\\\/#breadcrumb\",\"itemListElement\":[{\"@type\":\"ListItem\",\"position\":1,\"name\":\"Portada\",\"item\":\"https:\\\/\\\/parcboscdental.com\\\/\"},{\"@type\":\"ListItem\",\"position\":2,\"name\":\"Aviso legal\"}]},{\"@type\":\"WebSite\",\"@id\":\"https:\\\/\\\/parcboscdental.com\\\/#website\",\"url\":\"https:\\\/\\\/parcboscdental.com\\\/\",\"name\":\"Parc Bosc Dental\",\"description\":\"\",\"publisher\":{\"@id\":\"https:\\\/\\\/parcboscdental.com\\\/#organization\"},\"potentialAction\":[{\"@type\":\"SearchAction\",\"target\":{\"@type\":\"EntryPoint\",\"urlTemplate\":\"https:\\\/\\\/parcboscdental.com\\\/?s={search_term_string}\"},\"query-input\":{\"@type\":\"PropertyValueSpecification\",\"valueRequired\":true,\"valueName\":\"search_term_string\"}}],\"inLanguage\":\"ca\"},{\"@type\":\"Organization\",\"@id\":\"https:\\\/\\\/parcboscdental.com\\\/#organization\",\"name\":\"Parc Bosc Dental\",\"url\":\"https:\\\/\\\/parcboscdental.com\\\/\",\"logo\":{\"@type\":\"ImageObject\",\"inLanguage\":\"ca\",\"@id\":\"https:\\\/\\\/parcboscdental.com\\\/#\\\/schema\\\/logo\\\/image\\\/\",\"url\":\"https:\\\/\\\/parcboscdental.com\\\/wp-content\\\/uploads\\\/2023\\\/09\\\/logo.jpeg\",\"contentUrl\":\"https:\\\/\\\/parcboscdental.com\\\/wp-content\\\/uploads\\\/2023\\\/09\\\/logo.jpeg\",\"width\":930,\"height\":465,\"caption\":\"Parc Bosc Dental\"},\"image\":{\"@id\":\"https:\\\/\\\/parcboscdental.com\\\/#\\\/schema\\\/logo\\\/image\\\/\"}}]}<\/script>\n<!-- \/ Yoast SEO plugin. -->","yoast_head_json":{"title":"Aviso legal | Parc Bosc Dental","robots":{"index":"noindex","follow":"nofollow"},"og_locale":"ca_ES","og_type":"article","og_title":"Aviso legal | Parc Bosc Dental","og_description":"Aviso legal De conformidad con lo establecido en la Ley 34\/2002, de 11 de julio, de servicios de la sociedad de la informaci\u00f3n y de comercio electr\u00f3nico, se facilita la siguiente informaci\u00f3n: Datos identificativos. Usted est\u00e1 visitando la p\u00e1gina web parcboscdental.com titularidad de CEMID Parc Bosc, con domicilio social en Avda. Salvador Dal\u00ed i Dom\u00e8nech, ... Read more","og_url":"https:\/\/parcboscdental.com\/ca\/aviso-legal\/","og_site_name":"Parc Bosc Dental","article_modified_time":"2026-01-08T12:13:00+00:00","twitter_card":"summary_large_image","twitter_misc":{"Temps estimat de lectura":"7 minuts"},"schema":{"@context":"https:\/\/schema.org","@graph":[{"@type":"WebPage","@id":"https:\/\/parcboscdental.com\/ca\/aviso-legal\/","url":"https:\/\/parcboscdental.com\/ca\/aviso-legal\/","name":"Aviso legal | Parc Bosc Dental","isPartOf":{"@id":"https:\/\/parcboscdental.com\/#website"},"datePublished":"2020-09-14T08:33:15+00:00","dateModified":"2026-01-08T12:13:00+00:00","breadcrumb":{"@id":"https:\/\/parcboscdental.com\/ca\/aviso-legal\/#breadcrumb"},"inLanguage":"ca","potentialAction":[{"@type":"ReadAction","target":["https:\/\/parcboscdental.com\/ca\/aviso-legal\/"]}]},{"@type":"BreadcrumbList","@id":"https:\/\/parcboscdental.com\/ca\/aviso-legal\/#breadcrumb","itemListElement":[{"@type":"ListItem","position":1,"name":"Portada","item":"https:\/\/parcboscdental.com\/"},{"@type":"ListItem","position":2,"name":"Aviso legal"}]},{"@type":"WebSite","@id":"https:\/\/parcboscdental.com\/#website","url":"https:\/\/parcboscdental.com\/","name":"Parc Bosc Dental","description":"","publisher":{"@id":"https:\/\/parcboscdental.com\/#organization"},"potentialAction":[{"@type":"SearchAction","target":{"@type":"EntryPoint","urlTemplate":"https:\/\/parcboscdental.com\/?s={search_term_string}"},"query-input":{"@type":"PropertyValueSpecification","valueRequired":true,"valueName":"search_term_string"}}],"inLanguage":"ca"},{"@type":"Organization","@id":"https:\/\/parcboscdental.com\/#organization","name":"Parc Bosc Dental","url":"https:\/\/parcboscdental.com\/","logo":{"@type":"ImageObject","inLanguage":"ca","@id":"https:\/\/parcboscdental.com\/#\/schema\/logo\/image\/","url":"https:\/\/parcboscdental.com\/wp-content\/uploads\/2023\/09\/logo.jpeg","contentUrl":"https:\/\/parcboscdental.com\/wp-content\/uploads\/2023\/09\/logo.jpeg","width":930,"height":465,"caption":"Parc Bosc Dental"},"image":{"@id":"https:\/\/parcboscdental.com\/#\/schema\/logo\/image\/"}}]}},"_links":{"self":[{"href":"https:\/\/parcboscdental.com\/ca\/wp-json\/wp\/v2\/pages\/3815","targetHints":{"allow":["GET"]}}],"collection":[{"href":"https:\/\/parcboscdental.com\/ca\/wp-json\/wp\/v2\/pages"}],"about":[{"href":"https:\/\/parcboscdental.com\/ca\/wp-json\/wp\/v2\/types\/page"}],"author":[{"embeddable":true,"href":"https:\/\/parcboscdental.com\/ca\/wp-json\/wp\/v2\/users\/1"}],"replies":[{"embeddable":true,"href":"https:\/\/parcboscdental.com\/ca\/wp-json\/wp\/v2\/comments?post=3815"}],"version-history":[{"count":6,"href":"https:\/\/parcboscdental.com\/ca\/wp-json\/wp\/v2\/pages\/3815\/revisions"}],"predecessor-version":[{"id":5061,"href":"https:\/\/parcboscdental.com\/ca\/wp-json\/wp\/v2\/pages\/3815\/revisions\/5061"}],"wp:attachment":[{"href":"https:\/\/parcboscdental.com\/ca\/wp-json\/wp\/v2\/media?parent=3815"}],"curies":[{"name":"wp","href":"https:\/\/api.w.org\/{rel}","templated":true}]}}