{"id":3783,"date":"2020-09-28T07:37:19","date_gmt":"2020-09-28T07:37:19","guid":{"rendered":"https:\/\/parcboscdental.com\/contacte\/"},"modified":"2023-10-06T08:03:35","modified_gmt":"2023-10-06T08:03:35","slug":"contacte","status":"publish","type":"page","link":"https:\/\/parcboscdental.com\/ca\/contacte\/","title":{"rendered":"Contacte"},"content":{"rendered":"\t\t<div data-elementor-type=\"wp-page\" data-elementor-id=\"3783\" class=\"elementor elementor-3783 elementor-2086\">\n\t\t\t\t\t\t<section class=\"elementor-section elementor-top-section elementor-element elementor-element-f60188c elementor-section-boxed elementor-section-height-default elementor-section-height-default\" data-id=\"f60188c\" data-element_type=\"section\" data-e-type=\"section\">\n\t\t\t\t\t\t<div class=\"elementor-container elementor-column-gap-default\">\n\t\t\t\t\t<div class=\"elementor-column elementor-col-50 elementor-top-column elementor-element elementor-element-08a77a4\" data-id=\"08a77a4\" data-element_type=\"column\" data-e-type=\"column\">\n\t\t\t<div class=\"elementor-widget-wrap elementor-element-populated\">\n\t\t\t\t\t\t<div class=\"elementor-element elementor-element-9d14b2c elementor-widget elementor-widget-heading\" data-id=\"9d14b2c\" data-element_type=\"widget\" data-e-type=\"widget\" data-widget_type=\"heading.default\">\n\t\t\t\t<div class=\"elementor-widget-container\">\n\t\t\t\t\t<h1 class=\"elementor-heading-title elementor-size-default\">CONTACTE<\/h1>\t\t\t\t<\/div>\n\t\t\t\t<\/div>\n\t\t\t\t<div class=\"elementor-element elementor-element-6d1a923 elementor-widget elementor-widget-text-editor\" data-id=\"6d1a923\" data-element_type=\"widget\" data-e-type=\"widget\" data-widget_type=\"text-editor.default\">\n\t\t\t\t<div class=\"elementor-widget-container\">\n\t\t\t\t\t\t\t\t\t<iframe src=\"https:\/\/www.topdoctors.es\/ws\/show_widget\/3169b89e40818e5575ab0ab87b38d2a5\/1\"  scrolling=\"no\" style=\"border: 0px; max-width: 400px; width: 100%; height:150px; overflow: hidden;\" ><\/iframe>\t\t\t\t\t\t\t\t<\/div>\n\t\t\t\t<\/div>\n\t\t\t\t<section class=\"elementor-section elementor-inner-section elementor-element elementor-element-f4c8c2c elementor-section-boxed elementor-section-height-default elementor-section-height-default\" data-id=\"f4c8c2c\" data-element_type=\"section\" data-e-type=\"section\">\n\t\t\t\t\t\t<div class=\"elementor-container elementor-column-gap-default\">\n\t\t\t\t\t<div class=\"elementor-column elementor-col-50 elementor-inner-column elementor-element elementor-element-2ad0968\" data-id=\"2ad0968\" data-element_type=\"column\" data-e-type=\"column\">\n\t\t\t<div class=\"elementor-widget-wrap elementor-element-populated\">\n\t\t\t\t\t\t<div class=\"elementor-element elementor-element-2a0dabe elementor-view-default elementor-position-block-start elementor-mobile-position-block-start elementor-widget elementor-widget-icon-box\" data-id=\"2a0dabe\" data-element_type=\"widget\" data-e-type=\"widget\" data-widget_type=\"icon-box.default\">\n\t\t\t\t<div class=\"elementor-widget-container\">\n\t\t\t\t\t\t\t<div class=\"elementor-icon-box-wrapper\">\n\n\t\t\t\t\t\t<div class=\"elementor-icon-box-icon\">\n\t\t\t\t<span  class=\"elementor-icon\">\n\t\t\t\t<i aria-hidden=\"true\" class=\"fas fa-map-marker-alt\"><\/i>\t\t\t\t<\/span>\n\t\t\t<\/div>\n\t\t\t\n\t\t\t\t\t\t<div class=\"elementor-icon-box-content\">\n\n\t\t\t\t\t\t\t\t\t<h3 class=\"elementor-icon-box-title\">\n\t\t\t\t\t\t<span  >\n\t\t\t\t\t\t\tADRE\u00c7A\t\t\t\t\t\t<\/span>\n\t\t\t\t\t<\/h3>\n\t\t\t\t\n\t\t\t\t\t\t\t\t\t<p class=\"elementor-icon-box-description\">\n\t\t\t\t\t\tAvda. Salvador Dal\u00ed i Dom\u00e8nech, 64\n17600 Figueres\t\t\t\t\t<\/p>\n\t\t\t\t\n\t\t\t<\/div>\n\t\t\t\n\t\t<\/div>\n\t\t\t\t\t\t<\/div>\n\t\t\t\t<\/div>\n\t\t\t\t\t<\/div>\n\t\t<\/div>\n\t\t\t\t<div class=\"elementor-column elementor-col-50 elementor-inner-column elementor-element elementor-element-03de080\" data-id=\"03de080\" data-element_type=\"column\" data-e-type=\"column\">\n\t\t\t<div class=\"elementor-widget-wrap elementor-element-populated\">\n\t\t\t\t\t\t<div class=\"elementor-element elementor-element-1938526 elementor-view-default elementor-position-block-start elementor-mobile-position-block-start elementor-widget elementor-widget-icon-box\" data-id=\"1938526\" data-element_type=\"widget\" data-e-type=\"widget\" data-widget_type=\"icon-box.default\">\n\t\t\t\t<div class=\"elementor-widget-container\">\n\t\t\t\t\t\t\t<div class=\"elementor-icon-box-wrapper\">\n\n\t\t\t\t\t\t<div class=\"elementor-icon-box-icon\">\n\t\t\t\t<span  class=\"elementor-icon\">\n\t\t\t\t<i aria-hidden=\"true\" class=\"fas fa-clock\"><\/i>\t\t\t\t<\/span>\n\t\t\t<\/div>\n\t\t\t\n\t\t\t\t\t\t<div class=\"elementor-icon-box-content\">\n\n\t\t\t\t\t\t\t\t\t<h3 class=\"elementor-icon-box-title\">\n\t\t\t\t\t\t<span  >\n\t\t\t\t\t\t\tHORARI\t\t\t\t\t\t<\/span>\n\t\t\t\t\t<\/h3>\n\t\t\t\t\n\t\t\t\t\t\t\t\t\t<p class=\"elementor-icon-box-description\">\n\t\t\t\t\t\tDilluns a divendres: <br>\n9:30 - 13:30 \/ 15:30 - 19:30 h<br>\nDissabtes de 9:30 13:30 h\t\t\t\t\t<\/p>\n\t\t\t\t\n\t\t\t<\/div>\n\t\t\t\n\t\t<\/div>\n\t\t\t\t\t\t<\/div>\n\t\t\t\t<\/div>\n\t\t\t\t\t<\/div>\n\t\t<\/div>\n\t\t\t\t\t<\/div>\n\t\t<\/section>\n\t\t\t\t<section class=\"elementor-section elementor-inner-section elementor-element elementor-element-d659499 elementor-section-boxed elementor-section-height-default elementor-section-height-default\" data-id=\"d659499\" data-element_type=\"section\" data-e-type=\"section\">\n\t\t\t\t\t\t<div class=\"elementor-container elementor-column-gap-default\">\n\t\t\t\t\t<div class=\"elementor-column elementor-col-50 elementor-inner-column elementor-element elementor-element-2e8b71c\" data-id=\"2e8b71c\" data-element_type=\"column\" data-e-type=\"column\">\n\t\t\t<div class=\"elementor-widget-wrap elementor-element-populated\">\n\t\t\t\t\t\t<div class=\"elementor-element elementor-element-6769773 elementor-view-default elementor-position-block-start elementor-mobile-position-block-start elementor-widget elementor-widget-icon-box\" data-id=\"6769773\" data-element_type=\"widget\" data-e-type=\"widget\" data-widget_type=\"icon-box.default\">\n\t\t\t\t<div class=\"elementor-widget-container\">\n\t\t\t\t\t\t\t<div class=\"elementor-icon-box-wrapper\">\n\n\t\t\t\t\t\t<div class=\"elementor-icon-box-icon\">\n\t\t\t\t<span  class=\"elementor-icon\">\n\t\t\t\t<i aria-hidden=\"true\" class=\"fas fa-envelope\"><\/i>\t\t\t\t<\/span>\n\t\t\t<\/div>\n\t\t\t\n\t\t\t\t\t\t<div class=\"elementor-icon-box-content\">\n\n\t\t\t\t\t\t\t\t\t<h3 class=\"elementor-icon-box-title\">\n\t\t\t\t\t\t<span  >\n\t\t\t\t\t\t\tEMAIL\t\t\t\t\t\t<\/span>\n\t\t\t\t\t<\/h3>\n\t\t\t\t\n\t\t\t\t\t\t\t\t\t<p class=\"elementor-icon-box-description\">\n\t\t\t\t\t\tinfo@parcboscdental.com\t\t\t\t\t<\/p>\n\t\t\t\t\n\t\t\t<\/div>\n\t\t\t\n\t\t<\/div>\n\t\t\t\t\t\t<\/div>\n\t\t\t\t<\/div>\n\t\t\t\t\t<\/div>\n\t\t<\/div>\n\t\t\t\t<div class=\"elementor-column elementor-col-50 elementor-inner-column elementor-element elementor-element-e180375\" data-id=\"e180375\" data-element_type=\"column\" data-e-type=\"column\">\n\t\t\t<div class=\"elementor-widget-wrap elementor-element-populated\">\n\t\t\t\t\t\t<div class=\"elementor-element elementor-element-29ce6b5 elementor-view-default elementor-position-block-start elementor-mobile-position-block-start elementor-widget elementor-widget-icon-box\" data-id=\"29ce6b5\" data-element_type=\"widget\" data-e-type=\"widget\" data-widget_type=\"icon-box.default\">\n\t\t\t\t<div class=\"elementor-widget-container\">\n\t\t\t\t\t\t\t<div class=\"elementor-icon-box-wrapper\">\n\n\t\t\t\t\t\t<div class=\"elementor-icon-box-icon\">\n\t\t\t\t<span  class=\"elementor-icon\">\n\t\t\t\t<i aria-hidden=\"true\" class=\"fas fa-phone-alt\"><\/i>\t\t\t\t<\/span>\n\t\t\t<\/div>\n\t\t\t\n\t\t\t\t\t\t<div class=\"elementor-icon-box-content\">\n\n\t\t\t\t\t\t\t\t\t<h3 class=\"elementor-icon-box-title\">\n\t\t\t\t\t\t<span  >\n\t\t\t\t\t\t\tTEL\u00c8FON\t\t\t\t\t\t<\/span>\n\t\t\t\t\t<\/h3>\n\t\t\t\t\n\t\t\t\t\t\t\t\t\t<p class=\"elementor-icon-box-description\">\n\t\t\t\t\t\t+34 972 501 078  <br>\n+34 609 681 712\t\t\t\t\t<\/p>\n\t\t\t\t\n\t\t\t<\/div>\n\t\t\t\n\t\t<\/div>\n\t\t\t\t\t\t<\/div>\n\t\t\t\t<\/div>\n\t\t\t\t\t<\/div>\n\t\t<\/div>\n\t\t\t\t\t<\/div>\n\t\t<\/section>\n\t\t\t\t\t<\/div>\n\t\t<\/div>\n\t\t\t\t<div class=\"elementor-column elementor-col-50 elementor-top-column elementor-element elementor-element-60f7594\" data-id=\"60f7594\" data-element_type=\"column\" data-e-type=\"column\">\n\t\t\t<div class=\"elementor-widget-wrap elementor-element-populated\">\n\t\t\t\t\t\t<div class=\"elementor-element elementor-element-e8da810 elementor-widget elementor-widget-shortcode\" data-id=\"e8da810\" data-element_type=\"widget\" data-e-type=\"widget\" data-widget_type=\"shortcode.default\">\n\t\t\t\t<div class=\"elementor-widget-container\">\n\t\t\t\t\t\t\t<div class=\"elementor-shortcode\">\n<div class=\"wpcf7 no-js\" id=\"wpcf7-f3835-o1\" lang=\"ca\" dir=\"ltr\" data-wpcf7-id=\"3835\">\n<div class=\"screen-reader-response\"><p role=\"status\" aria-live=\"polite\" aria-atomic=\"true\"><\/p> <ul><\/ul><\/div>\n<form action=\"\/ca\/wp-json\/wp\/v2\/pages\/3783#wpcf7-f3835-o1\" method=\"post\" class=\"wpcf7-form init\" aria-label=\"Formulari de contacte\" novalidate=\"novalidate\" data-status=\"init\">\n<fieldset class=\"hidden-fields-container\"><input type=\"hidden\" name=\"_wpcf7\" value=\"3835\" \/><input type=\"hidden\" name=\"_wpcf7_version\" value=\"6.1.5\" \/><input type=\"hidden\" name=\"_wpcf7_locale\" value=\"ca\" \/><input type=\"hidden\" name=\"_wpcf7_unit_tag\" value=\"wpcf7-f3835-o1\" \/><input type=\"hidden\" name=\"_wpcf7_container_post\" value=\"0\" \/><input type=\"hidden\" name=\"_wpcf7_posted_data_hash\" value=\"\" \/><input type=\"hidden\" name=\"_wpcf7_recaptcha_response\" value=\"\" \/>\n<\/fieldset>\n<p class=\"parrafo\"> Motiu de la seva consulta:<br \/>\n<span class=\"wpcf7-form-control-wrap\" data-name=\"menu-725\"><select class=\"wpcf7-form-control wpcf7-select wpcf7-validates-as-required campoForm\" aria-required=\"true\" aria-invalid=\"false\" name=\"menu-725\"><option value=\"\">&#8212;Trieu una opci\u00f3&#8212;<\/option><option value=\"Deseo que me llamen para concertar una primera visita\">Deseo que me llamen para concertar una primera visita<\/option><option value=\"Deseo cambiar una cita\">Deseo cambiar una cita<\/option><option value=\"Otros\">Otros<\/option><\/select><\/span>\n<\/p>\n<p class=\"parrafo\"> Estic interessat en:<br \/>\n<span class=\"wpcf7-form-control-wrap\" data-name=\"menu-547\"><select class=\"wpcf7-form-control wpcf7-select wpcf7-validates-as-required campoForm\" aria-required=\"true\" aria-invalid=\"false\" name=\"menu-547\"><option value=\"\">&#8212;Trieu una opci\u00f3&#8212;<\/option><option value=\"Odontolog\u00eda general\">Odontolog\u00eda general<\/option><option value=\"Implantes\">Implantes<\/option><option value=\"Ortodoncia\">Ortodoncia<\/option><option value=\"Odontopediatr\u00eda\">Odontopediatr\u00eda<\/option><option value=\"Est\u00e9tica dental\">Est\u00e9tica dental<\/option><option value=\"Limpieza dental\">Limpieza dental<\/option><option value=\"Blanqueamiento\">Blanqueamiento<\/option><option value=\"Endodoncia\">Endodoncia<\/option><option value=\"Periodoncia\">Periodoncia<\/option><option value=\"Urgencia\">Urgencia<\/option><option value=\"Revisi\u00f3n\">Revisi\u00f3n<\/option><option value=\"Otros\">Otros<\/option><\/select><\/span>\n<\/p>\n<p class=\"parrafo\"> Noms i congoms:<br \/>\n<span class=\"wpcf7-form-control-wrap\" data-name=\"your-name\"><input size=\"40\" maxlength=\"400\" class=\"wpcf7-form-control wpcf7-text wpcf7-validates-as-required campoForm\" aria-required=\"true\" aria-invalid=\"false\" value=\"\" type=\"text\" name=\"your-name\" \/><\/span>\n<\/p>\n<p class=\"parrafo\"> Adre\u00e7a electr\u00f2nica:<br \/>\n<span class=\"wpcf7-form-control-wrap\" data-name=\"your-email\"><input size=\"40\" maxlength=\"400\" class=\"wpcf7-form-control wpcf7-email wpcf7-validates-as-required wpcf7-text wpcf7-validates-as-email campoForm\" aria-required=\"true\" aria-invalid=\"false\" value=\"\" type=\"email\" name=\"your-email\" \/><\/span>\n<\/p>\n<p class=\"parrafo\"> Tel\u00e8fon:<br \/>\n<span class=\"wpcf7-form-control-wrap\" data-name=\"tel-518\"><input size=\"40\" maxlength=\"400\" class=\"wpcf7-form-control wpcf7-tel wpcf7-validates-as-required wpcf7-text wpcf7-validates-as-tel campoForm\" aria-required=\"true\" aria-invalid=\"false\" value=\"\" type=\"tel\" name=\"tel-518\" \/><\/span>\n<\/p>\n<p class=\"politicaForm\"><span class=\"wpcf7-form-control-wrap\" data-name=\"acceptance-850\"><span class=\"wpcf7-form-control wpcf7-acceptance\"><span class=\"wpcf7-list-item\"><input type=\"checkbox\" name=\"acceptance-850\" value=\"1\" aria-invalid=\"false\" \/><\/span><\/span><\/span> He llegit, ent\u00e8s i accepto la <a href=\"\/politica-privacidad\/\">pol\u00edtica de privacitat<\/a>\n<\/p>\n<span class=\"wpcf7-form-control-wrap recaptcha\" data-name=\"recaptcha\"><span data-sitekey=\"6LffeigaAAAAABU5Io65Oz50UZytoQNNFQd3MxaX\" class=\"wpcf7-form-control wpcf7-recaptcha g-recaptcha\"><\/span>\r\n<noscript>\r\n\t<div class=\"grecaptcha-noscript\">\r\n\t\t<iframe src=\"https:\/\/www.google.com\/recaptcha\/api\/fallback?k=6LffeigaAAAAABU5Io65Oz50UZytoQNNFQd3MxaX\" frameborder=\"0\" scrolling=\"no\" width=\"310\" height=\"430\">\r\n\t\t<\/iframe>\r\n\t\t<textarea name=\"g-recaptcha-response\" rows=\"3\" cols=\"40\" placeholder=\"reCaptcha Response Here\">\r\n\t\t<\/textarea>\r\n\t<\/div>\r\n<\/noscript>\r\n<\/span>\n<p>&nbsp;\n<\/p>\n<p class=\"enviar\"><input class=\"wpcf7-form-control wpcf7-submit has-spinner sendContact\" type=\"submit\" value=\"Enviar\" \/>\n<\/p><div class=\"wpcf7-response-output\" aria-hidden=\"true\"><\/div>\n<\/form>\n<\/div>\n<\/div>\n\t\t\t\t\t\t<\/div>\n\t\t\t\t<\/div>\n\t\t\t\t\t<\/div>\n\t\t<\/div>\n\t\t\t\t\t<\/div>\n\t\t<\/section>\n\t\t\t\t<section class=\"elementor-section elementor-top-section elementor-element elementor-element-ccb42d5 elementor-section-boxed elementor-section-height-default elementor-section-height-default\" data-id=\"ccb42d5\" data-element_type=\"section\" data-e-type=\"section\">\n\t\t\t\t\t\t<div class=\"elementor-container elementor-column-gap-default\">\n\t\t\t\t\t\t<\/div>\n\t\t<\/section>\n\t\t\t\t<section class=\"elementor-section elementor-top-section elementor-element elementor-element-2411560 elementor-section-boxed elementor-section-height-default elementor-section-height-default\" data-id=\"2411560\" data-element_type=\"section\" data-e-type=\"section\">\n\t\t\t\t\t\t<div class=\"elementor-container elementor-column-gap-no\">\n\t\t\t\t\t<div class=\"elementor-column elementor-col-50 elementor-top-column elementor-element elementor-element-05811f9\" data-id=\"05811f9\" data-element_type=\"column\" data-e-type=\"column\">\n\t\t\t<div class=\"elementor-widget-wrap elementor-element-populated\">\n\t\t\t\t\t\t<div class=\"elementor-element elementor-element-755bf86 elementor-widget elementor-widget-google_maps\" data-id=\"755bf86\" data-element_type=\"widget\" data-e-type=\"widget\" data-widget_type=\"google_maps.default\">\n\t\t\t\t<div class=\"elementor-widget-container\">\n\t\t\t\t\t\t\t<div class=\"elementor-custom-embed\">\n\t\t\t<iframe loading=\"lazy\"\n\t\t\t\t\tsrc=\"https:\/\/maps.google.com\/maps?q=Avinguda%20de%20Salvador%20Dal%C3%AD%20i%20Dom%C3%A8nech%2C%2064%2C%2017600%20Figueres%2C%20Girona&#038;t=m&#038;z=15&#038;output=embed&#038;iwloc=near\"\n\t\t\t\t\ttitle=\"Avinguda de Salvador Dal\u00ed i Dom\u00e8nech, 64, 17600 Figueres, Girona\"\n\t\t\t\t\taria-label=\"Avinguda de Salvador Dal\u00ed i Dom\u00e8nech, 64, 17600 Figueres, Girona\"\n\t\t\t><\/iframe>\n\t\t<\/div>\n\t\t\t\t\t\t<\/div>\n\t\t\t\t<\/div>\n\t\t\t\t\t<\/div>\n\t\t<\/div>\n\t\t\t\t<div class=\"elementor-column elementor-col-50 elementor-top-column elementor-element elementor-element-653ce49\" data-id=\"653ce49\" data-element_type=\"column\" data-e-type=\"column\" data-settings=\"{&quot;background_background&quot;:&quot;classic&quot;}\">\n\t\t\t<div class=\"elementor-widget-wrap elementor-element-populated\">\n\t\t\t\t\t\t<div class=\"elementor-element elementor-element-0da172a elementor-widget elementor-widget-text-editor\" data-id=\"0da172a\" data-element_type=\"widget\" data-e-type=\"widget\" data-widget_type=\"text-editor.default\">\n\t\t\t\t<div class=\"elementor-widget-container\">\n\t\t\t\t\t\t\t\t\t<p style=\"text-align: center;\">PARKING GRATU\u00cfT AL VOLTANT DE LA INSTAL\u00b7LACI\u00d3<\/p>\n\t\t\t\t\t\t\t\t<\/div>\n\t\t\t\t<\/div>\n\t\t\t\t<div class=\"elementor-element elementor-element-20c90e6 elementor-widget elementor-widget-text-editor\" data-id=\"20c90e6\" data-element_type=\"widget\" data-e-type=\"widget\" data-widget_type=\"text-editor.default\">\n\t\t\t\t<div class=\"elementor-widget-container\">\n\t\t\t\t\t\t\t\t\t<p style=\"text-align: center;\">Dilluns, dimarts i dijous: 16 h a 20 h<\/p><p style=\"text-align: center;\">Dimecres i divendres: 10 h a 14 h y de 16 h a 20 h<\/p><p style=\"text-align: center;\">Dissabtes: 10 h a 13 h<\/p>\t\t\t\t\t\t\t\t<\/div>\n\t\t\t\t<\/div>\n\t\t\t\t<div class=\"elementor-element elementor-element-4b95f57 elementor-widget-divider--view-line elementor-widget elementor-widget-divider\" data-id=\"4b95f57\" data-element_type=\"widget\" data-e-type=\"widget\" data-widget_type=\"divider.default\">\n\t\t\t\t<div class=\"elementor-widget-container\">\n\t\t\t\t\t\t\t<div class=\"elementor-divider\">\n\t\t\t<span class=\"elementor-divider-separator\">\n\t\t\t\t\t\t<\/span>\n\t\t<\/div>\n\t\t\t\t\t\t<\/div>\n\t\t\t\t<\/div>\n\t\t\t\t<div class=\"elementor-element elementor-element-e3beb91 elementor-widget elementor-widget-text-editor\" data-id=\"e3beb91\" data-element_type=\"widget\" data-e-type=\"widget\" data-widget_type=\"text-editor.default\">\n\t\t\t\t<div class=\"elementor-widget-container\">\n\t\t\t\t\t\t\t\t\t<p style=\"text-align: center;\"> CUIDEM EL TEU TEMPS I VALOREM LA TEVA PUNTUALITAT<\/p>\n\t\t\t\t\t\t\t\t<\/div>\n\t\t\t\t<\/div>\n\t\t\t\t\t<\/div>\n\t\t<\/div>\n\t\t\t\t\t<\/div>\n\t\t<\/section>\n\t\t\t\t<section class=\"elementor-section elementor-top-section elementor-element elementor-element-400a7fe elementor-section-full_width elementor-section-height-default elementor-section-height-default\" data-id=\"400a7fe\" data-element_type=\"section\" data-e-type=\"section\">\n\t\t\t\t\t\t<div class=\"elementor-container elementor-column-gap-no\">\n\t\t\t\t\t\t<\/div>\n\t\t<\/section>\n\t\t\t\t<\/div>\n\t\t","protected":false},"excerpt":{"rendered":"<p>CONTACTE ADRE\u00c7A Avda. Salvador Dal\u00ed i Dom\u00e8nech, 64 17600 Figueres HORARI Dilluns a divendres: 9:30 &#8211; 13:30 \/ 15:30 &#8211; 19:30 h Dissabtes de 9:30 13:30 h EMAIL info@parcboscdental.com TEL\u00c8FON +34 972 501 078 +34 609 681 712 PARKING GRATU\u00cfT AL VOLTANT DE LA INSTAL\u00b7LACI\u00d3 Dilluns, dimarts i dijous: 16 h a 20 h Dimecres &#8230; <a title=\"Contacte\" class=\"read-more\" href=\"https:\/\/parcboscdental.com\/ca\/contacte\/\" aria-label=\"M\u00e9s informaci\u00f3 sobre Contacte\">Read more<\/a><\/p>\n","protected":false},"author":1,"featured_media":0,"parent":0,"menu_order":0,"comment_status":"closed","ping_status":"closed","template":"","meta":{"footnotes":""},"class_list":["post-3783","page","type-page","status-publish"],"yoast_head":"<!-- This site is optimized with the Yoast SEO plugin v27.4 - https:\/\/yoast.com\/product\/yoast-seo-wordpress\/ -->\n<title>Contacte de cl\u00ednica dental a Figueres | Parc Bosc Dental<\/title>\n<meta name=\"description\" content=\"Contacte de la nostra cl\u00ednica dental a Figueres. Contacta amb nosaltres sobre qualsevol dubte o per concertar una visita.\" \/>\n<meta name=\"robots\" content=\"index, follow, max-snippet:-1, max-image-preview:large, max-video-preview:-1\" \/>\n<link rel=\"canonical\" href=\"https:\/\/parcboscdental.com\/contacto\/\" \/>\n<meta property=\"og:locale\" content=\"ca_ES\" \/>\n<meta property=\"og:type\" content=\"article\" \/>\n<meta property=\"og:title\" content=\"Contacte de cl\u00ednica dental a Figueres | Parc Bosc Dental\" \/>\n<meta property=\"og:description\" content=\"Contacte de la nostra cl\u00ednica dental a Figueres. Contacta amb nosaltres sobre qualsevol dubte o per concertar una visita.\" \/>\n<meta property=\"og:url\" content=\"https:\/\/parcboscdental.com\/contacto\/\" \/>\n<meta property=\"og:site_name\" content=\"Parc Bosc Dental\" \/>\n<meta property=\"article:modified_time\" content=\"2023-10-06T08:03:35+00:00\" \/>\n<meta name=\"twitter:card\" content=\"summary_large_image\" \/>\n<meta name=\"twitter:label1\" content=\"Temps estimat de lectura\" \/>\n\t<meta name=\"twitter:data1\" content=\"1 minut\" \/>\n<script type=\"application\/ld+json\" class=\"yoast-schema-graph\">{\"@context\":\"https:\\\/\\\/schema.org\",\"@graph\":[{\"@type\":\"WebPage\",\"@id\":\"https:\\\/\\\/parcboscdental.com\\\/contacto\\\/\",\"url\":\"https:\\\/\\\/parcboscdental.com\\\/contacto\\\/\",\"name\":\"Contacte de cl\u00ednica dental a Figueres | Parc Bosc Dental\",\"isPartOf\":{\"@id\":\"https:\\\/\\\/parcboscdental.com\\\/#website\"},\"datePublished\":\"2020-09-28T07:37:19+00:00\",\"dateModified\":\"2023-10-06T08:03:35+00:00\",\"description\":\"Contacte de la nostra cl\u00ednica dental a Figueres. Contacta amb nosaltres sobre qualsevol dubte o per concertar una visita.\",\"breadcrumb\":{\"@id\":\"https:\\\/\\\/parcboscdental.com\\\/contacto\\\/#breadcrumb\"},\"inLanguage\":\"ca\",\"potentialAction\":[{\"@type\":\"ReadAction\",\"target\":[\"https:\\\/\\\/parcboscdental.com\\\/contacto\\\/\"]}]},{\"@type\":\"BreadcrumbList\",\"@id\":\"https:\\\/\\\/parcboscdental.com\\\/contacto\\\/#breadcrumb\",\"itemListElement\":[{\"@type\":\"ListItem\",\"position\":1,\"name\":\"Portada\",\"item\":\"https:\\\/\\\/parcboscdental.com\\\/\"},{\"@type\":\"ListItem\",\"position\":2,\"name\":\"Contacte\"}]},{\"@type\":\"WebSite\",\"@id\":\"https:\\\/\\\/parcboscdental.com\\\/#website\",\"url\":\"https:\\\/\\\/parcboscdental.com\\\/\",\"name\":\"Parc Bosc Dental\",\"description\":\"\",\"publisher\":{\"@id\":\"https:\\\/\\\/parcboscdental.com\\\/#organization\"},\"potentialAction\":[{\"@type\":\"SearchAction\",\"target\":{\"@type\":\"EntryPoint\",\"urlTemplate\":\"https:\\\/\\\/parcboscdental.com\\\/?s={search_term_string}\"},\"query-input\":{\"@type\":\"PropertyValueSpecification\",\"valueRequired\":true,\"valueName\":\"search_term_string\"}}],\"inLanguage\":\"ca\"},{\"@type\":\"Organization\",\"@id\":\"https:\\\/\\\/parcboscdental.com\\\/#organization\",\"name\":\"Parc Bosc Dental\",\"url\":\"https:\\\/\\\/parcboscdental.com\\\/\",\"logo\":{\"@type\":\"ImageObject\",\"inLanguage\":\"ca\",\"@id\":\"https:\\\/\\\/parcboscdental.com\\\/#\\\/schema\\\/logo\\\/image\\\/\",\"url\":\"https:\\\/\\\/parcboscdental.com\\\/wp-content\\\/uploads\\\/2023\\\/09\\\/logo.jpeg\",\"contentUrl\":\"https:\\\/\\\/parcboscdental.com\\\/wp-content\\\/uploads\\\/2023\\\/09\\\/logo.jpeg\",\"width\":930,\"height\":465,\"caption\":\"Parc Bosc Dental\"},\"image\":{\"@id\":\"https:\\\/\\\/parcboscdental.com\\\/#\\\/schema\\\/logo\\\/image\\\/\"}}]}<\/script>\n<!-- \/ Yoast SEO plugin. -->","yoast_head_json":{"title":"Contacte de cl\u00ednica dental a Figueres | Parc Bosc Dental","description":"Contacte de la nostra cl\u00ednica dental a Figueres. Contacta amb nosaltres sobre qualsevol dubte o per concertar una visita.","robots":{"index":"index","follow":"follow","max-snippet":"max-snippet:-1","max-image-preview":"max-image-preview:large","max-video-preview":"max-video-preview:-1"},"canonical":"https:\/\/parcboscdental.com\/contacto\/","og_locale":"ca_ES","og_type":"article","og_title":"Contacte de cl\u00ednica dental a Figueres | Parc Bosc Dental","og_description":"Contacte de la nostra cl\u00ednica dental a Figueres. Contacta amb nosaltres sobre qualsevol dubte o per concertar una visita.","og_url":"https:\/\/parcboscdental.com\/contacto\/","og_site_name":"Parc Bosc Dental","article_modified_time":"2023-10-06T08:03:35+00:00","twitter_card":"summary_large_image","twitter_misc":{"Temps estimat de lectura":"1 minut"},"schema":{"@context":"https:\/\/schema.org","@graph":[{"@type":"WebPage","@id":"https:\/\/parcboscdental.com\/contacto\/","url":"https:\/\/parcboscdental.com\/contacto\/","name":"Contacte de cl\u00ednica dental a Figueres | Parc Bosc Dental","isPartOf":{"@id":"https:\/\/parcboscdental.com\/#website"},"datePublished":"2020-09-28T07:37:19+00:00","dateModified":"2023-10-06T08:03:35+00:00","description":"Contacte de la nostra cl\u00ednica dental a Figueres. Contacta amb nosaltres sobre qualsevol dubte o per concertar una visita.","breadcrumb":{"@id":"https:\/\/parcboscdental.com\/contacto\/#breadcrumb"},"inLanguage":"ca","potentialAction":[{"@type":"ReadAction","target":["https:\/\/parcboscdental.com\/contacto\/"]}]},{"@type":"BreadcrumbList","@id":"https:\/\/parcboscdental.com\/contacto\/#breadcrumb","itemListElement":[{"@type":"ListItem","position":1,"name":"Portada","item":"https:\/\/parcboscdental.com\/"},{"@type":"ListItem","position":2,"name":"Contacte"}]},{"@type":"WebSite","@id":"https:\/\/parcboscdental.com\/#website","url":"https:\/\/parcboscdental.com\/","name":"Parc Bosc Dental","description":"","publisher":{"@id":"https:\/\/parcboscdental.com\/#organization"},"potentialAction":[{"@type":"SearchAction","target":{"@type":"EntryPoint","urlTemplate":"https:\/\/parcboscdental.com\/?s={search_term_string}"},"query-input":{"@type":"PropertyValueSpecification","valueRequired":true,"valueName":"search_term_string"}}],"inLanguage":"ca"},{"@type":"Organization","@id":"https:\/\/parcboscdental.com\/#organization","name":"Parc Bosc Dental","url":"https:\/\/parcboscdental.com\/","logo":{"@type":"ImageObject","inLanguage":"ca","@id":"https:\/\/parcboscdental.com\/#\/schema\/logo\/image\/","url":"https:\/\/parcboscdental.com\/wp-content\/uploads\/2023\/09\/logo.jpeg","contentUrl":"https:\/\/parcboscdental.com\/wp-content\/uploads\/2023\/09\/logo.jpeg","width":930,"height":465,"caption":"Parc Bosc Dental"},"image":{"@id":"https:\/\/parcboscdental.com\/#\/schema\/logo\/image\/"}}]}},"_links":{"self":[{"href":"https:\/\/parcboscdental.com\/ca\/wp-json\/wp\/v2\/pages\/3783","targetHints":{"allow":["GET"]}}],"collection":[{"href":"https:\/\/parcboscdental.com\/ca\/wp-json\/wp\/v2\/pages"}],"about":[{"href":"https:\/\/parcboscdental.com\/ca\/wp-json\/wp\/v2\/types\/page"}],"author":[{"embeddable":true,"href":"https:\/\/parcboscdental.com\/ca\/wp-json\/wp\/v2\/users\/1"}],"replies":[{"embeddable":true,"href":"https:\/\/parcboscdental.com\/ca\/wp-json\/wp\/v2\/comments?post=3783"}],"version-history":[{"count":0,"href":"https:\/\/parcboscdental.com\/ca\/wp-json\/wp\/v2\/pages\/3783\/revisions"}],"wp:attachment":[{"href":"https:\/\/parcboscdental.com\/ca\/wp-json\/wp\/v2\/media?parent=3783"}],"curies":[{"name":"wp","href":"https:\/\/api.w.org\/{rel}","templated":true}]}}