{"id":3774,"date":"2020-09-28T06:22:28","date_gmt":"2020-09-28T06:22:28","guid":{"rendered":"https:\/\/parcboscdental.com\/inici\/"},"modified":"2023-10-18T10:05:55","modified_gmt":"2023-10-18T10:05:55","slug":"inici","status":"publish","type":"page","link":"https:\/\/parcboscdental.com\/ca\/","title":{"rendered":"Inici"},"content":{"rendered":"\t\t<div data-elementor-type=\"wp-page\" data-elementor-id=\"3774\" class=\"elementor elementor-3774 elementor-25\">\n\t\t\t\t\t\t<section class=\"elementor-section elementor-top-section elementor-element elementor-element-e4e454c elementor-section-height-min-height elementor-section-boxed elementor-section-height-default elementor-section-items-middle\" data-id=\"e4e454c\" data-element_type=\"section\" data-e-type=\"section\" data-settings=\"{&quot;background_background&quot;:&quot;classic&quot;}\">\n\t\t\t\t\t\t<div class=\"elementor-container elementor-column-gap-default\">\n\t\t\t\t\t<div class=\"elementor-column elementor-col-50 elementor-top-column elementor-element elementor-element-dab3184\" data-id=\"dab3184\" data-element_type=\"column\" data-e-type=\"column\">\n\t\t\t<div class=\"elementor-widget-wrap elementor-element-populated\">\n\t\t\t\t\t\t\t<\/div>\n\t\t<\/div>\n\t\t\t\t<div class=\"elementor-column elementor-col-50 elementor-top-column elementor-element elementor-element-41c15a4\" data-id=\"41c15a4\" data-element_type=\"column\" data-e-type=\"column\">\n\t\t\t<div class=\"elementor-widget-wrap\">\n\t\t\t\t\t\t\t<\/div>\n\t\t<\/div>\n\t\t\t\t\t<\/div>\n\t\t<\/section>\n\t\t\t\t<section class=\"elementor-section elementor-top-section elementor-element elementor-element-1baddb4 elementor-section-boxed elementor-section-height-default elementor-section-height-default\" data-id=\"1baddb4\" data-element_type=\"section\" data-e-type=\"section\">\n\t\t\t\t\t\t<div class=\"elementor-container elementor-column-gap-default\">\n\t\t\t\t\t<div class=\"elementor-column elementor-col-100 elementor-top-column elementor-element elementor-element-01885bb\" data-id=\"01885bb\" data-element_type=\"column\" data-e-type=\"column\">\n\t\t\t<div class=\"elementor-widget-wrap elementor-element-populated\">\n\t\t\t\t\t\t<div class=\"elementor-element elementor-element-6e01a65 elementor-widget elementor-widget-text-editor\" data-id=\"6e01a65\" data-element_type=\"widget\" data-e-type=\"widget\" data-widget_type=\"text-editor.default\">\n\t\t\t\t<div class=\"elementor-widget-container\">\n\t\t\t\t\t\t\t\t\t<p style=\"text-align: center;\"><iframe style=\"border: 0px; max-width: 400px; width: 100%; height: 150px; overflow: hidden;\" src=\"https:\/\/www.topdoctors.es\/ws\/show_widget\/3169b89e40818e5575ab0ab87b38d2a5\/1\" scrolling=\"no\"><\/iframe><\/p>\t\t\t\t\t\t\t\t<\/div>\n\t\t\t\t<\/div>\n\t\t\t\t<div class=\"elementor-element elementor-element-c59751d elementor-widget elementor-widget-heading\" data-id=\"c59751d\" data-element_type=\"widget\" data-e-type=\"widget\" data-widget_type=\"heading.default\">\n\t\t\t\t<div class=\"elementor-widget-container\">\n\t\t\t\t\t<h2 class=\"elementor-heading-title elementor-size-default\">Centre M\u00e8dic i Dental Parc Bosc a Figueres, proximitat i professionalitat amb resultats garantits.<\/h2>\t\t\t\t<\/div>\n\t\t\t\t<\/div>\n\t\t\t\t<div class=\"elementor-element elementor-element-aeb9c62 elementor-widget elementor-widget-text-editor\" data-id=\"aeb9c62\" data-element_type=\"widget\" data-e-type=\"widget\" data-widget_type=\"text-editor.default\">\n\t\t\t\t<div class=\"elementor-widget-container\">\n\t\t\t\t\t\t\t\t\t<p><span class=\"TextRun SCXW239870695 BCX8\" lang=\"ES-ES\" data-contrast=\"auto\"><span class=\"NormalTextRun SCXW239870695 BCX8\">Si busques rapidesa, efici\u00e8ncia i confort en el teu tractament dental, CEMID <\/span><\/span><span class=\"TextRun SCXW239870695 BCX8\" lang=\"ES-ES\" data-contrast=\"auto\"><span class=\"NormalTextRun SpellingErrorV2 SCXW239870695 BCX8\">Parc<\/span><\/span> <span class=\"TextRun SCXW239870695 BCX8\" lang=\"ES-ES\" data-contrast=\"auto\"><span class=\"NormalTextRun SpellingErrorV2 SCXW239870695 BCX8\">Bosc<\/span><\/span><span class=\"TextRun SCXW239870695 BCX8\" lang=\"ES-ES\" data-contrast=\"auto\"><span class=\"NormalTextRun SCXW239870695 BCX8\"> t&#8217;ofereix la millor soluci\u00f3 responent a les teves necessitats.<\/span><\/span><\/p>\t\t\t\t\t\t\t\t<\/div>\n\t\t\t\t<\/div>\n\t\t\t\t\t<\/div>\n\t\t<\/div>\n\t\t\t\t\t<\/div>\n\t\t<\/section>\n\t\t\t\t<section class=\"elementor-section elementor-top-section elementor-element elementor-element-39af4da elementor-section-boxed elementor-section-height-default elementor-section-height-default\" data-id=\"39af4da\" data-element_type=\"section\" data-e-type=\"section\" data-settings=\"{&quot;background_background&quot;:&quot;classic&quot;}\">\n\t\t\t\t\t\t<div class=\"elementor-container elementor-column-gap-wide\">\n\t\t\t\t\t<div class=\"elementor-column elementor-col-50 elementor-top-column elementor-element elementor-element-68861ea\" data-id=\"68861ea\" data-element_type=\"column\" data-e-type=\"column\">\n\t\t\t<div class=\"elementor-widget-wrap elementor-element-populated\">\n\t\t\t\t\t\t<div class=\"elementor-element elementor-element-df85d83 elementor-widget elementor-widget-heading\" data-id=\"df85d83\" data-element_type=\"widget\" data-e-type=\"widget\" data-widget_type=\"heading.default\">\n\t\t\t\t<div class=\"elementor-widget-container\">\n\t\t\t\t\t<h2 class=\"elementor-heading-title elementor-size-default\">Descobreix el nostre equip<\/h2>\t\t\t\t<\/div>\n\t\t\t\t<\/div>\n\t\t\t\t<div class=\"elementor-element elementor-element-ce5124f elementor-mobile-align-center elementor-widget elementor-widget-button\" data-id=\"ce5124f\" data-element_type=\"widget\" data-e-type=\"widget\" data-widget_type=\"button.default\">\n\t\t\t\t<div class=\"elementor-widget-container\">\n\t\t\t\t\t\t\t\t\t<div class=\"elementor-button-wrapper\">\n\t\t\t\t\t<a class=\"elementor-button elementor-button-link elementor-size-sm\" href=\"https:\/\/parcboscdental.com\/qui-som\/?lang=ca\">\n\t\t\t\t\t\t<span class=\"elementor-button-content-wrapper\">\n\t\t\t\t\t\t\t\t\t<span class=\"elementor-button-text\">Veure el nostre equip<\/span>\n\t\t\t\t\t<\/span>\n\t\t\t\t\t<\/a>\n\t\t\t\t<\/div>\n\t\t\t\t\t\t\t\t<\/div>\n\t\t\t\t<\/div>\n\t\t\t\t\t<\/div>\n\t\t<\/div>\n\t\t\t\t<div class=\"elementor-column elementor-col-50 elementor-top-column elementor-element elementor-element-25413d5\" data-id=\"25413d5\" data-element_type=\"column\" data-e-type=\"column\">\n\t\t\t<div class=\"elementor-widget-wrap elementor-element-populated\">\n\t\t\t\t\t\t<div class=\"elementor-element elementor-element-9c91843 elementor-widget elementor-widget-image\" data-id=\"9c91843\" data-element_type=\"widget\" data-e-type=\"widget\" data-widget_type=\"image.default\">\n\t\t\t\t<div class=\"elementor-widget-container\">\n\t\t\t\t\t\t\t\t\t\t\t\t\t\t\t<img fetchpriority=\"high\" decoding=\"async\" width=\"1024\" height=\"684\" src=\"https:\/\/parcboscdental.com\/wp-content\/uploads\/2020\/09\/Nuestro-equipo-1024x684.jpg\" class=\"attachment-large size-large wp-image-3680\" alt=\"\" srcset=\"https:\/\/parcboscdental.com\/wp-content\/uploads\/2020\/09\/Nuestro-equipo-1024x684.jpg 1024w, https:\/\/parcboscdental.com\/wp-content\/uploads\/2020\/09\/Nuestro-equipo-300x200.jpg 300w, https:\/\/parcboscdental.com\/wp-content\/uploads\/2020\/09\/Nuestro-equipo-768x513.jpg 768w, https:\/\/parcboscdental.com\/wp-content\/uploads\/2020\/09\/Nuestro-equipo-1536x1025.jpg 1536w, https:\/\/parcboscdental.com\/wp-content\/uploads\/2020\/09\/Nuestro-equipo-2048x1367.jpg 2048w\" sizes=\"(max-width: 1024px) 100vw, 1024px\" \/>\t\t\t\t\t\t\t\t\t\t\t\t\t\t\t<\/div>\n\t\t\t\t<\/div>\n\t\t\t\t\t<\/div>\n\t\t<\/div>\n\t\t\t\t\t<\/div>\n\t\t<\/section>\n\t\t\t\t<section class=\"elementor-section elementor-top-section elementor-element elementor-element-5e53096 elementor-reverse-mobile elementor-section-boxed elementor-section-height-default elementor-section-height-default\" data-id=\"5e53096\" data-element_type=\"section\" data-e-type=\"section\" data-settings=\"{&quot;background_background&quot;:&quot;classic&quot;}\">\n\t\t\t\t\t\t<div class=\"elementor-container elementor-column-gap-wide\">\n\t\t\t\t\t<div class=\"elementor-column elementor-col-50 elementor-top-column elementor-element elementor-element-e49ce31\" data-id=\"e49ce31\" data-element_type=\"column\" data-e-type=\"column\">\n\t\t\t<div class=\"elementor-widget-wrap elementor-element-populated\">\n\t\t\t\t\t\t<div class=\"elementor-element elementor-element-61169c1 elementor-widget elementor-widget-image\" data-id=\"61169c1\" data-element_type=\"widget\" data-e-type=\"widget\" data-widget_type=\"image.default\">\n\t\t\t\t<div class=\"elementor-widget-container\">\n\t\t\t\t\t\t\t\t\t\t\t\t\t\t\t<img decoding=\"async\" width=\"919\" height=\"853\" src=\"https:\/\/parcboscdental.com\/wp-content\/uploads\/2023\/10\/parcbosc.jpeg\" class=\"attachment-large size-large wp-image-4625\" alt=\"\" srcset=\"https:\/\/parcboscdental.com\/wp-content\/uploads\/2023\/10\/parcbosc.jpeg 919w, https:\/\/parcboscdental.com\/wp-content\/uploads\/2023\/10\/parcbosc-300x278.jpeg 300w, https:\/\/parcboscdental.com\/wp-content\/uploads\/2023\/10\/parcbosc-768x713.jpeg 768w\" sizes=\"(max-width: 919px) 100vw, 919px\" \/>\t\t\t\t\t\t\t\t\t\t\t\t\t\t\t<\/div>\n\t\t\t\t<\/div>\n\t\t\t\t\t<\/div>\n\t\t<\/div>\n\t\t\t\t<div class=\"elementor-column elementor-col-50 elementor-top-column elementor-element elementor-element-67cd73d\" data-id=\"67cd73d\" data-element_type=\"column\" data-e-type=\"column\">\n\t\t\t<div class=\"elementor-widget-wrap elementor-element-populated\">\n\t\t\t\t\t\t<div class=\"elementor-element elementor-element-e9ef1aa elementor-widget elementor-widget-heading\" data-id=\"e9ef1aa\" data-element_type=\"widget\" data-e-type=\"widget\" data-widget_type=\"heading.default\">\n\t\t\t\t<div class=\"elementor-widget-container\">\n\t\t\t\t\t<h2 class=\"elementor-heading-title elementor-size-default\">Que t'oferim?<\/h2>\t\t\t\t<\/div>\n\t\t\t\t<\/div>\n\t\t\t\t<div class=\"elementor-element elementor-element-5009628 elementor-align-right elementor-mobile-align-center elementor-widget elementor-widget-button\" data-id=\"5009628\" data-element_type=\"widget\" data-e-type=\"widget\" data-widget_type=\"button.default\">\n\t\t\t\t<div class=\"elementor-widget-container\">\n\t\t\t\t\t\t\t\t\t<div class=\"elementor-button-wrapper\">\n\t\t\t\t\t<a class=\"elementor-button elementor-button-link elementor-size-sm\" href=\"https:\/\/parcboscdental.com\/especialitats\/?lang=ca\">\n\t\t\t\t\t\t<span class=\"elementor-button-content-wrapper\">\n\t\t\t\t\t\t\t\t\t<span class=\"elementor-button-text\">Veure els tractaments<\/span>\n\t\t\t\t\t<\/span>\n\t\t\t\t\t<\/a>\n\t\t\t\t<\/div>\n\t\t\t\t\t\t\t\t<\/div>\n\t\t\t\t<\/div>\n\t\t\t\t\t<\/div>\n\t\t<\/div>\n\t\t\t\t\t<\/div>\n\t\t<\/section>\n\t\t\t\t<section class=\"elementor-section elementor-top-section elementor-element elementor-element-c3e02d3 elementor-section-boxed elementor-section-height-default elementor-section-height-default\" data-id=\"c3e02d3\" data-element_type=\"section\" data-e-type=\"section\" data-settings=\"{&quot;background_background&quot;:&quot;classic&quot;}\">\n\t\t\t\t\t\t<div class=\"elementor-container elementor-column-gap-wide\">\n\t\t\t\t\t<div class=\"elementor-column elementor-col-50 elementor-top-column elementor-element elementor-element-00fa69e\" data-id=\"00fa69e\" data-element_type=\"column\" data-e-type=\"column\">\n\t\t\t<div class=\"elementor-widget-wrap elementor-element-populated\">\n\t\t\t\t\t\t<div class=\"elementor-element elementor-element-65de9f4 elementor-widget elementor-widget-heading\" data-id=\"65de9f4\" data-element_type=\"widget\" data-e-type=\"widget\" data-widget_type=\"heading.default\">\n\t\t\t\t<div class=\"elementor-widget-container\">\n\t\t\t\t\t<h2 class=\"elementor-heading-title elementor-size-default\">La nostra cl\u00ednica <\/h2>\t\t\t\t<\/div>\n\t\t\t\t<\/div>\n\t\t\t\t<div class=\"elementor-element elementor-element-e168616 elementor-mobile-align-center elementor-widget elementor-widget-button\" data-id=\"e168616\" data-element_type=\"widget\" data-e-type=\"widget\" data-widget_type=\"button.default\">\n\t\t\t\t<div class=\"elementor-widget-container\">\n\t\t\t\t\t\t\t\t\t<div class=\"elementor-button-wrapper\">\n\t\t\t\t\t<a class=\"elementor-button elementor-button-link elementor-size-sm\" href=\"https:\/\/parcboscdental.com\/qui-som\/?lang=ca\">\n\t\t\t\t\t\t<span class=\"elementor-button-content-wrapper\">\n\t\t\t\t\t\t\t\t\t<span class=\"elementor-button-text\">Veure instal\u00b7lacions<\/span>\n\t\t\t\t\t<\/span>\n\t\t\t\t\t<\/a>\n\t\t\t\t<\/div>\n\t\t\t\t\t\t\t\t<\/div>\n\t\t\t\t<\/div>\n\t\t\t\t\t<\/div>\n\t\t<\/div>\n\t\t\t\t<div class=\"elementor-column elementor-col-50 elementor-top-column elementor-element elementor-element-d732bd6\" data-id=\"d732bd6\" data-element_type=\"column\" data-e-type=\"column\">\n\t\t\t<div class=\"elementor-widget-wrap elementor-element-populated\">\n\t\t\t\t\t\t<div class=\"elementor-element elementor-element-2f3d76f elementor-widget elementor-widget-image\" data-id=\"2f3d76f\" data-element_type=\"widget\" data-e-type=\"widget\" data-widget_type=\"image.default\">\n\t\t\t\t<div class=\"elementor-widget-container\">\n\t\t\t\t\t\t\t\t\t\t\t\t\t\t\t<img decoding=\"async\" width=\"1024\" height=\"768\" src=\"https:\/\/parcboscdental.com\/wp-content\/uploads\/2023\/10\/clinica-1024x768.jpg\" class=\"attachment-large size-large wp-image-4567\" alt=\"\" srcset=\"https:\/\/parcboscdental.com\/wp-content\/uploads\/2023\/10\/clinica-1024x768.jpg 1024w, https:\/\/parcboscdental.com\/wp-content\/uploads\/2023\/10\/clinica-300x225.jpg 300w, https:\/\/parcboscdental.com\/wp-content\/uploads\/2023\/10\/clinica-768x576.jpg 768w, https:\/\/parcboscdental.com\/wp-content\/uploads\/2023\/10\/clinica-1536x1152.jpg 1536w, https:\/\/parcboscdental.com\/wp-content\/uploads\/2023\/10\/clinica.jpg 2016w\" sizes=\"(max-width: 1024px) 100vw, 1024px\" \/>\t\t\t\t\t\t\t\t\t\t\t\t\t\t\t<\/div>\n\t\t\t\t<\/div>\n\t\t\t\t\t<\/div>\n\t\t<\/div>\n\t\t\t\t\t<\/div>\n\t\t<\/section>\n\t\t\t\t<section class=\"elementor-section elementor-top-section elementor-element elementor-element-7c202b7 elementor-section-height-min-height elementor-section-boxed elementor-section-height-default elementor-section-items-middle\" data-id=\"7c202b7\" data-element_type=\"section\" data-e-type=\"section\" data-settings=\"{&quot;background_background&quot;:&quot;classic&quot;}\">\n\t\t\t\t\t\t<div class=\"elementor-container elementor-column-gap-default\">\n\t\t\t\t\t<div class=\"elementor-column elementor-col-100 elementor-top-column elementor-element elementor-element-dc54120\" data-id=\"dc54120\" data-element_type=\"column\" data-e-type=\"column\">\n\t\t\t<div class=\"elementor-widget-wrap elementor-element-populated\">\n\t\t\t\t\t\t<div class=\"elementor-element elementor-element-495d53d elementor-widget elementor-widget-heading\" data-id=\"495d53d\" data-element_type=\"widget\" data-e-type=\"widget\" data-widget_type=\"heading.default\">\n\t\t\t\t<div class=\"elementor-widget-container\">\n\t\t\t\t\t<h2 class=\"elementor-heading-title elementor-size-default\">Sol\u00b7licita m\u00e9s informaci\u00f3 trucant al <a href=\"tel:972501078\">972 501 078<\/a><\/h2>\t\t\t\t<\/div>\n\t\t\t\t<\/div>\n\t\t\t\t<div class=\"elementor-element elementor-element-c019d2a elementor-widget elementor-widget-text-editor\" data-id=\"c019d2a\" data-element_type=\"widget\" data-e-type=\"widget\" data-widget_type=\"text-editor.default\">\n\t\t\t\t<div class=\"elementor-widget-container\">\n\t\t\t\t\t\t\t\t\t<p>Si ho prefereixes, pots omplir el formulari de contacte i nosaltres ens posem en contacte. <\/p>\n\t\t\t\t\t\t\t\t<\/div>\n\t\t\t\t<\/div>\n\t\t\t\t<div class=\"elementor-element elementor-element-b37ee67 elementor-align-center elementor-widget elementor-widget-button\" data-id=\"b37ee67\" data-element_type=\"widget\" data-e-type=\"widget\" data-widget_type=\"button.default\">\n\t\t\t\t<div class=\"elementor-widget-container\">\n\t\t\t\t\t\t\t\t\t<div class=\"elementor-button-wrapper\">\n\t\t\t\t\t<a class=\"elementor-button elementor-button-link elementor-size-sm\" href=\"https:\/\/parcboscdental.com\/contacte\/?lang=ca\">\n\t\t\t\t\t\t<span class=\"elementor-button-content-wrapper\">\n\t\t\t\t\t\t\t\t\t<span class=\"elementor-button-text\">Contacta amb nosaltres<\/span>\n\t\t\t\t\t<\/span>\n\t\t\t\t\t<\/a>\n\t\t\t\t<\/div>\n\t\t\t\t\t\t\t\t<\/div>\n\t\t\t\t<\/div>\n\t\t\t\t\t<\/div>\n\t\t<\/div>\n\t\t\t\t\t<\/div>\n\t\t<\/section>\n\t\t\t\t<\/div>\n\t\t","protected":false},"excerpt":{"rendered":"<p>Centre M\u00e8dic i Dental Parc Bosc a Figueres, proximitat i professionalitat amb resultats garantits. Si busques rapidesa, efici\u00e8ncia i confort en el teu tractament dental, CEMID Parc Bosc t&#8217;ofereix la millor soluci\u00f3 responent a les teves necessitats. Descobreix el nostre equip Veure el nostre equip Que t&#8217;oferim? Veure els tractaments La nostra cl\u00ednica Veure instal\u00b7lacions &#8230; <a title=\"Inici\" class=\"read-more\" href=\"https:\/\/parcboscdental.com\/ca\/\" aria-label=\"M\u00e9s informaci\u00f3 sobre Inici\">Read more<\/a><\/p>\n","protected":false},"author":1,"featured_media":0,"parent":0,"menu_order":0,"comment_status":"closed","ping_status":"closed","template":"","meta":{"footnotes":""},"class_list":["post-3774","page","type-page","status-publish"],"yoast_head":"<!-- This site is optimized with the Yoast SEO plugin v27.4 - https:\/\/yoast.com\/product\/yoast-seo-wordpress\/ -->\n<title>Centre M\u00e8dic Parc Bosc a Figueres | Parc Bosc Dental<\/title>\n<meta name=\"description\" content=\"En el nostre Centre M\u00e8dic Parc Bosc a Figueres, t&#039;oferim els millors tractaments. Estem especialitzats en ortod\u00f2ncia invisible.\" \/>\n<meta name=\"robots\" content=\"index, follow, max-snippet:-1, max-image-preview:large, max-video-preview:-1\" \/>\n<link rel=\"canonical\" href=\"https:\/\/parcboscdental.com\/\" \/>\n<meta property=\"og:locale\" content=\"ca_ES\" \/>\n<meta property=\"og:type\" content=\"article\" \/>\n<meta property=\"og:title\" content=\"Centre M\u00e8dic Parc Bosc a Figueres | Parc Bosc Dental\" \/>\n<meta property=\"og:description\" content=\"En el nostre Centre M\u00e8dic Parc Bosc a Figueres, t&#039;oferim els millors tractaments. Estem especialitzats en ortod\u00f2ncia invisible.\" \/>\n<meta property=\"og:url\" content=\"https:\/\/parcboscdental.com\/\" \/>\n<meta property=\"og:site_name\" content=\"Parc Bosc Dental\" \/>\n<meta property=\"article:modified_time\" content=\"2023-10-18T10:05:55+00:00\" \/>\n<meta property=\"og:image\" content=\"https:\/\/parcboscdental.com\/wp-content\/uploads\/2020\/09\/Nuestro-equipo-1024x684.jpg\" \/>\n<meta name=\"twitter:card\" content=\"summary_large_image\" \/>\n<meta name=\"twitter:label1\" content=\"Temps estimat de lectura\" \/>\n\t<meta name=\"twitter:data1\" content=\"2 minuts\" \/>\n<script type=\"application\/ld+json\" class=\"yoast-schema-graph\">{\"@context\":\"https:\\\/\\\/schema.org\",\"@graph\":[{\"@type\":\"WebPage\",\"@id\":\"https:\\\/\\\/parcboscdental.com\\\/\",\"url\":\"https:\\\/\\\/parcboscdental.com\\\/\",\"name\":\"Centre M\u00e8dic Parc Bosc a Figueres | Parc Bosc Dental\",\"isPartOf\":{\"@id\":\"https:\\\/\\\/parcboscdental.com\\\/#website\"},\"primaryImageOfPage\":{\"@id\":\"https:\\\/\\\/parcboscdental.com\\\/#primaryimage\"},\"image\":{\"@id\":\"https:\\\/\\\/parcboscdental.com\\\/#primaryimage\"},\"thumbnailUrl\":\"https:\\\/\\\/parcboscdental.com\\\/wp-content\\\/uploads\\\/2020\\\/09\\\/Nuestro-equipo-1024x684.jpg\",\"datePublished\":\"2020-09-28T06:22:28+00:00\",\"dateModified\":\"2023-10-18T10:05:55+00:00\",\"description\":\"En el nostre Centre M\u00e8dic Parc Bosc a Figueres, t'oferim els millors tractaments. Estem especialitzats en ortod\u00f2ncia invisible.\",\"breadcrumb\":{\"@id\":\"https:\\\/\\\/parcboscdental.com\\\/#breadcrumb\"},\"inLanguage\":\"ca\",\"potentialAction\":[{\"@type\":\"ReadAction\",\"target\":[\"https:\\\/\\\/parcboscdental.com\\\/\"]}]},{\"@type\":\"ImageObject\",\"inLanguage\":\"ca\",\"@id\":\"https:\\\/\\\/parcboscdental.com\\\/#primaryimage\",\"url\":\"https:\\\/\\\/parcboscdental.com\\\/wp-content\\\/uploads\\\/2020\\\/09\\\/Nuestro-equipo-1024x684.jpg\",\"contentUrl\":\"https:\\\/\\\/parcboscdental.com\\\/wp-content\\\/uploads\\\/2020\\\/09\\\/Nuestro-equipo-1024x684.jpg\"},{\"@type\":\"BreadcrumbList\",\"@id\":\"https:\\\/\\\/parcboscdental.com\\\/#breadcrumb\",\"itemListElement\":[{\"@type\":\"ListItem\",\"position\":1,\"name\":\"Portada\",\"item\":\"https:\\\/\\\/parcboscdental.com\\\/\"},{\"@type\":\"ListItem\",\"position\":2,\"name\":\"Inici\"}]},{\"@type\":\"WebSite\",\"@id\":\"https:\\\/\\\/parcboscdental.com\\\/#website\",\"url\":\"https:\\\/\\\/parcboscdental.com\\\/\",\"name\":\"Parc Bosc Dental\",\"description\":\"\",\"publisher\":{\"@id\":\"https:\\\/\\\/parcboscdental.com\\\/#organization\"},\"potentialAction\":[{\"@type\":\"SearchAction\",\"target\":{\"@type\":\"EntryPoint\",\"urlTemplate\":\"https:\\\/\\\/parcboscdental.com\\\/?s={search_term_string}\"},\"query-input\":{\"@type\":\"PropertyValueSpecification\",\"valueRequired\":true,\"valueName\":\"search_term_string\"}}],\"inLanguage\":\"ca\"},{\"@type\":\"Organization\",\"@id\":\"https:\\\/\\\/parcboscdental.com\\\/#organization\",\"name\":\"Parc Bosc Dental\",\"url\":\"https:\\\/\\\/parcboscdental.com\\\/\",\"logo\":{\"@type\":\"ImageObject\",\"inLanguage\":\"ca\",\"@id\":\"https:\\\/\\\/parcboscdental.com\\\/#\\\/schema\\\/logo\\\/image\\\/\",\"url\":\"https:\\\/\\\/parcboscdental.com\\\/wp-content\\\/uploads\\\/2023\\\/09\\\/logo.jpeg\",\"contentUrl\":\"https:\\\/\\\/parcboscdental.com\\\/wp-content\\\/uploads\\\/2023\\\/09\\\/logo.jpeg\",\"width\":930,\"height\":465,\"caption\":\"Parc Bosc Dental\"},\"image\":{\"@id\":\"https:\\\/\\\/parcboscdental.com\\\/#\\\/schema\\\/logo\\\/image\\\/\"}}]}<\/script>\n<!-- \/ Yoast SEO plugin. -->","yoast_head_json":{"title":"Centre M\u00e8dic Parc Bosc a Figueres | Parc Bosc Dental","description":"En el nostre Centre M\u00e8dic Parc Bosc a Figueres, t'oferim els millors tractaments. Estem especialitzats en ortod\u00f2ncia invisible.","robots":{"index":"index","follow":"follow","max-snippet":"max-snippet:-1","max-image-preview":"max-image-preview:large","max-video-preview":"max-video-preview:-1"},"canonical":"https:\/\/parcboscdental.com\/","og_locale":"ca_ES","og_type":"article","og_title":"Centre M\u00e8dic Parc Bosc a Figueres | Parc Bosc Dental","og_description":"En el nostre Centre M\u00e8dic Parc Bosc a Figueres, t'oferim els millors tractaments. Estem especialitzats en ortod\u00f2ncia invisible.","og_url":"https:\/\/parcboscdental.com\/","og_site_name":"Parc Bosc Dental","article_modified_time":"2023-10-18T10:05:55+00:00","og_image":[{"url":"https:\/\/parcboscdental.com\/wp-content\/uploads\/2020\/09\/Nuestro-equipo-1024x684.jpg","type":"","width":"","height":""}],"twitter_card":"summary_large_image","twitter_misc":{"Temps estimat de lectura":"2 minuts"},"schema":{"@context":"https:\/\/schema.org","@graph":[{"@type":"WebPage","@id":"https:\/\/parcboscdental.com\/","url":"https:\/\/parcboscdental.com\/","name":"Centre M\u00e8dic Parc Bosc a Figueres | Parc Bosc Dental","isPartOf":{"@id":"https:\/\/parcboscdental.com\/#website"},"primaryImageOfPage":{"@id":"https:\/\/parcboscdental.com\/#primaryimage"},"image":{"@id":"https:\/\/parcboscdental.com\/#primaryimage"},"thumbnailUrl":"https:\/\/parcboscdental.com\/wp-content\/uploads\/2020\/09\/Nuestro-equipo-1024x684.jpg","datePublished":"2020-09-28T06:22:28+00:00","dateModified":"2023-10-18T10:05:55+00:00","description":"En el nostre Centre M\u00e8dic Parc Bosc a Figueres, t'oferim els millors tractaments. Estem especialitzats en ortod\u00f2ncia invisible.","breadcrumb":{"@id":"https:\/\/parcboscdental.com\/#breadcrumb"},"inLanguage":"ca","potentialAction":[{"@type":"ReadAction","target":["https:\/\/parcboscdental.com\/"]}]},{"@type":"ImageObject","inLanguage":"ca","@id":"https:\/\/parcboscdental.com\/#primaryimage","url":"https:\/\/parcboscdental.com\/wp-content\/uploads\/2020\/09\/Nuestro-equipo-1024x684.jpg","contentUrl":"https:\/\/parcboscdental.com\/wp-content\/uploads\/2020\/09\/Nuestro-equipo-1024x684.jpg"},{"@type":"BreadcrumbList","@id":"https:\/\/parcboscdental.com\/#breadcrumb","itemListElement":[{"@type":"ListItem","position":1,"name":"Portada","item":"https:\/\/parcboscdental.com\/"},{"@type":"ListItem","position":2,"name":"Inici"}]},{"@type":"WebSite","@id":"https:\/\/parcboscdental.com\/#website","url":"https:\/\/parcboscdental.com\/","name":"Parc Bosc Dental","description":"","publisher":{"@id":"https:\/\/parcboscdental.com\/#organization"},"potentialAction":[{"@type":"SearchAction","target":{"@type":"EntryPoint","urlTemplate":"https:\/\/parcboscdental.com\/?s={search_term_string}"},"query-input":{"@type":"PropertyValueSpecification","valueRequired":true,"valueName":"search_term_string"}}],"inLanguage":"ca"},{"@type":"Organization","@id":"https:\/\/parcboscdental.com\/#organization","name":"Parc Bosc Dental","url":"https:\/\/parcboscdental.com\/","logo":{"@type":"ImageObject","inLanguage":"ca","@id":"https:\/\/parcboscdental.com\/#\/schema\/logo\/image\/","url":"https:\/\/parcboscdental.com\/wp-content\/uploads\/2023\/09\/logo.jpeg","contentUrl":"https:\/\/parcboscdental.com\/wp-content\/uploads\/2023\/09\/logo.jpeg","width":930,"height":465,"caption":"Parc Bosc Dental"},"image":{"@id":"https:\/\/parcboscdental.com\/#\/schema\/logo\/image\/"}}]}},"_links":{"self":[{"href":"https:\/\/parcboscdental.com\/ca\/wp-json\/wp\/v2\/pages\/3774","targetHints":{"allow":["GET"]}}],"collection":[{"href":"https:\/\/parcboscdental.com\/ca\/wp-json\/wp\/v2\/pages"}],"about":[{"href":"https:\/\/parcboscdental.com\/ca\/wp-json\/wp\/v2\/types\/page"}],"author":[{"embeddable":true,"href":"https:\/\/parcboscdental.com\/ca\/wp-json\/wp\/v2\/users\/1"}],"replies":[{"embeddable":true,"href":"https:\/\/parcboscdental.com\/ca\/wp-json\/wp\/v2\/comments?post=3774"}],"version-history":[{"count":0,"href":"https:\/\/parcboscdental.com\/ca\/wp-json\/wp\/v2\/pages\/3774\/revisions"}],"wp:attachment":[{"href":"https:\/\/parcboscdental.com\/ca\/wp-json\/wp\/v2\/media?parent=3774"}],"curies":[{"name":"wp","href":"https:\/\/api.w.org\/{rel}","templated":true}]}}